{"id":4817,"date":"2023-02-25T14:27:08","date_gmt":"2023-02-25T14:27:08","guid":{"rendered":"https:\/\/tiraholm.se\/voegel-und-wildtiere\/"},"modified":"2023-10-13T09:32:56","modified_gmt":"2023-10-13T09:32:56","slug":"voegel-und-wildtiere","status":"publish","type":"page","link":"https:\/\/tiraholm.se\/de\/voegel-und-wildtiere\/","title":{"rendered":"V\u00f6gel und Wildtiere"},"content":{"rendered":"\t\t<div data-elementor-type=\"wp-page\" data-elementor-id=\"4817\" class=\"elementor elementor-4817 elementor-1654\" data-elementor-post-type=\"page\">\n\t\t\t\t<div class=\"elementor-element elementor-element-7bd67efc e-flex e-con-boxed e-con e-parent\" data-id=\"7bd67efc\" data-element_type=\"container\" data-e-type=\"container\" data-settings=\"{&quot;background_background&quot;:&quot;classic&quot;,&quot;shape_divider_bottom&quot;:&quot;wave-brush&quot;}\">\n\t\t\t\t\t<div class=\"e-con-inner\">\n\t\t\t\t<div class=\"elementor-shape elementor-shape-bottom\" aria-hidden=\"true\" data-negative=\"false\">\n\t\t\t<svg xmlns=\"http:\/\/www.w3.org\/2000\/svg\" viewBox=\"0 0 283.5 27.8\" preserveAspectRatio=\"none\">\n\t<path class=\"elementor-shape-fill\" d=\"M283.5,9.7c0,0-7.3,4.3-14,4.6c-6.8,0.3-12.6,0-20.9-1.5c-11.3-2-33.1-10.1-44.7-5.7\ts-12.1,4.6-18,7.4c-6.6,3.2-20,9.6-36.6,9.3C131.6,23.5,99.5,7.2,86.3,8c-1.4,0.1-6.6,0.8-10.5,2c-3.8,1.2-9.4,3.8-17,4.7\tc-3.2,0.4-8.3,1.1-14.2,0.9c-1.5-0.1-6.3-0.4-12-1.6c-5.7-1.2-11-3.1-15.8-3.7C6.5,9.2,0,10.8,0,10.8V0h283.5V9.7z M260.8,11.3\tc-0.7-1-2-0.4-4.3-0.4c-2.3,0-6.1-1.2-5.8-1.1c0.3,0.1,3.1,1.5,6,1.9C259.7,12.2,261.4,12.3,260.8,11.3z M242.4,8.6\tc0,0-2.4-0.2-5.6-0.9c-3.2-0.8-10.3-2.8-15.1-3.5c-8.2-1.1-15.8,0-15.1,0.1c0.8,0.1,9.6-0.6,17.6,1.1c3.3,0.7,9.3,2.2,12.4,2.7\tC239.9,8.7,242.4,8.6,242.4,8.6z M185.2,8.5c1.7-0.7-13.3,4.7-18.5,6.1c-2.1,0.6-6.2,1.6-10,2c-3.9,0.4-8.9,0.4-8.8,0.5\tc0,0.2,5.8,0.8,11.2,0c5.4-0.8,5.2-1.1,7.6-1.6C170.5,14.7,183.5,9.2,185.2,8.5z M199.1,6.9c0.2,0-0.8-0.4-4.8,1.1\tc-4,1.5-6.7,3.5-6.9,3.7c-0.2,0.1,3.5-1.8,6.6-3C197,7.5,199,6.9,199.1,6.9z M283,6c-0.1,0.1-1.9,1.1-4.8,2.5s-6.9,2.8-6.7,2.7\tc0.2,0,3.5-0.6,7.4-2.5C282.8,6.8,283.1,5.9,283,6z M31.3,11.6c0.1-0.2-1.9-0.2-4.5-1.2s-5.4-1.6-7.8-2C15,7.6,7.3,8.5,7.7,8.6\tC8,8.7,15.9,8.3,20.2,9.3c2.2,0.5,2.4,0.5,5.7,1.6S31.2,11.9,31.3,11.6z M73,9.2c0.4-0.1,3.5-1.6,8.4-2.6c4.9-1.1,8.9-0.5,8.9-0.8\tc0-0.3-1-0.9-6.2-0.3S72.6,9.3,73,9.2z M71.6,6.7C71.8,6.8,75,5.4,77.3,5c2.3-0.3,1.9-0.5,1.9-0.6c0-0.1-1.1-0.2-2.7,0.2\tC74.8,5.1,71.4,6.6,71.6,6.7z M93.6,4.4c0.1,0.2,3.5,0.8,5.6,1.8c2.1,1,1.8,0.6,1.9,0.5c0.1-0.1-0.8-0.8-2.4-1.3\tC97.1,4.8,93.5,4.2,93.6,4.4z M65.4,11.1c-0.1,0.3,0.3,0.5,1.9-0.2s2.6-1.3,2.2-1.2s-0.9,0.4-2.5,0.8C65.3,10.9,65.5,10.8,65.4,11.1\tz M34.5,12.4c-0.2,0,2.1,0.8,3.3,0.9c1.2,0.1,2,0.1,2-0.2c0-0.3-0.1-0.5-1.6-0.4C36.6,12.8,34.7,12.4,34.5,12.4z M152.2,21.1\tc-0.1,0.1-2.4-0.3-7.5-0.3c-5,0-13.6-2.4-17.2-3.5c-3.6-1.1,10,3.9,16.5,4.1C150.5,21.6,152.3,21,152.2,21.1z\"\/>\n\t<path class=\"elementor-shape-fill\" d=\"M269.6,18c-0.1-0.1-4.6,0.3-7.2,0c-7.3-0.7-17-3.2-16.6-2.9c0.4,0.3,13.7,3.1,17,3.3\tC267.7,18.8,269.7,18,269.6,18z\"\/>\n\t<path class=\"elementor-shape-fill\" d=\"M227.4,9.8c-0.2-0.1-4.5-1-9.5-1.2c-5-0.2-12.7,0.6-12.3,0.5c0.3-0.1,5.9-1.8,13.3-1.2\tS227.6,9.9,227.4,9.8z\"\/>\n\t<path class=\"elementor-shape-fill\" d=\"M204.5,13.4c-0.1-0.1,2-1,3.2-1.1c1.2-0.1,2,0,2,0.3c0,0.3-0.1,0.5-1.6,0.4\tC206.4,12.9,204.6,13.5,204.5,13.4z\"\/>\n\t<path class=\"elementor-shape-fill\" d=\"M201,10.6c0-0.1-4.4,1.2-6.3,2.2c-1.9,0.9-6.2,3.1-6.1,3.1c0.1,0.1,4.2-1.6,6.3-2.6\tS201,10.7,201,10.6z\"\/>\n\t<path class=\"elementor-shape-fill\" d=\"M154.5,26.7c-0.1-0.1-4.6,0.3-7.2,0c-7.3-0.7-17-3.2-16.6-2.9c0.4,0.3,13.7,3.1,17,3.3\tC152.6,27.5,154.6,26.8,154.5,26.7z\"\/>\n\t<path class=\"elementor-shape-fill\" d=\"M41.9,19.3c0,0,1.2-0.3,2.9-0.1c1.7,0.2,5.8,0.9,8.2,0.7c4.2-0.4,7.4-2.7,7-2.6\tc-0.4,0-4.3,2.2-8.6,1.9c-1.8-0.1-5.1-0.5-6.7-0.4S41.9,19.3,41.9,19.3z\"\/>\n\t<path class=\"elementor-shape-fill\" d=\"M75.5,12.6c0.2,0.1,2-0.8,4.3-1.1c2.3-0.2,2.1-0.3,2.1-0.5c0-0.1-1.8-0.4-3.4,0\tC76.9,11.5,75.3,12.5,75.5,12.6z\"\/>\n\t<path class=\"elementor-shape-fill\" d=\"M15.6,13.2c0-0.1,4.3,0,6.7,0.5c2.4,0.5,5,1.9,5,2c0,0.1-2.7-0.8-5.1-1.4\tC19.9,13.7,15.7,13.3,15.6,13.2z\"\/>\n<\/svg>\t\t<\/div>\n\t\t\t\t<div class=\"elementor-element elementor-element-6a61bf49 elementor-widget elementor-widget-heading\" data-id=\"6a61bf49\" data-element_type=\"widget\" data-e-type=\"widget\" data-widget_type=\"heading.default\">\n\t\t\t\t<div class=\"elementor-widget-container\">\n\t\t\t\t\t<h2 class=\"elementor-heading-title elementor-size-default\">V\u00f6gel und Wildtiere<\/h2>\t\t\t\t<\/div>\n\t\t\t\t<\/div>\n\t\t\t\t\t<\/div>\n\t\t\t\t<\/div>\n\t\t<div class=\"elementor-element elementor-element-a6add56 e-flex e-con-boxed e-con e-parent\" data-id=\"a6add56\" data-element_type=\"container\" data-e-type=\"container\">\n\t\t\t\t\t<div class=\"e-con-inner\">\n\t\t\t\t<div class=\"elementor-element elementor-element-4b5e6ad elementor-widget elementor-widget-spacer\" data-id=\"4b5e6ad\" data-element_type=\"widget\" data-e-type=\"widget\" data-widget_type=\"spacer.default\">\n\t\t\t\t<div class=\"elementor-widget-container\">\n\t\t\t\t\t\t\t<div class=\"elementor-spacer\">\n\t\t\t<div class=\"elementor-spacer-inner\"><\/div>\n\t\t<\/div>\n\t\t\t\t\t\t<\/div>\n\t\t\t\t<\/div>\n\t\t\t\t\t<\/div>\n\t\t\t\t<\/div>\n\t\t<div class=\"elementor-element elementor-element-e036808 e-flex e-con-boxed e-con e-parent\" data-id=\"e036808\" data-element_type=\"container\" data-e-type=\"container\">\n\t\t\t\t\t<div class=\"e-con-inner\">\n\t\t\t\t<div class=\"elementor-element elementor-element-62686cb elementor-widget elementor-widget-gallery\" data-id=\"62686cb\" data-element_type=\"widget\" data-e-type=\"widget\" data-settings=\"{&quot;lazyload&quot;:&quot;yes&quot;,&quot;gallery_layout&quot;:&quot;grid&quot;,&quot;columns&quot;:4,&quot;columns_tablet&quot;:2,&quot;columns_mobile&quot;:1,&quot;gap&quot;:{&quot;unit&quot;:&quot;px&quot;,&quot;size&quot;:10,&quot;sizes&quot;:[]},&quot;gap_tablet&quot;:{&quot;unit&quot;:&quot;px&quot;,&quot;size&quot;:10,&quot;sizes&quot;:[]},&quot;gap_mobile&quot;:{&quot;unit&quot;:&quot;px&quot;,&quot;size&quot;:10,&quot;sizes&quot;:[]},&quot;link_to&quot;:&quot;file&quot;,&quot;aspect_ratio&quot;:&quot;3:2&quot;,&quot;overlay_background&quot;:&quot;yes&quot;,&quot;content_hover_animation&quot;:&quot;fade-in&quot;}\" data-widget_type=\"gallery.default\">\n\t\t\t\t<div class=\"elementor-widget-container\">\n\t\t\t\t\t\t\t<div class=\"elementor-gallery__container\">\n\t\t\t\t\t\t\t<a class=\"e-gallery-item elementor-gallery-item elementor-animated-content\" href=\"https:\/\/tiraholm.se\/wp-content\/uploads\/2023\/02\/fagel_01.jpg\" data-elementor-open-lightbox=\"yes\" data-elementor-lightbox-slideshow=\"62686cb\" data-elementor-lightbox-title=\"fagel_01\" data-e-action-hash=\"#elementor-action%3Aaction%3Dlightbox%26settings%3DeyJpZCI6MTY1NywidXJsIjoiaHR0cHM6XC9cL3RpcmFob2xtLnNlXC93cC1jb250ZW50XC91cGxvYWRzXC8yMDIzXC8wMlwvZmFnZWxfMDEuanBnIiwic2xpZGVzaG93IjoiNjI2ODZjYiJ9\">\n\t\t\t\t\t<div class=\"e-gallery-image elementor-gallery-item__image\" data-thumbnail=\"https:\/\/tiraholm.se\/wp-content\/uploads\/2023\/02\/fagel_01-300x200.jpg\" data-width=\"300\" data-height=\"200\" aria-label=\"\" role=\"img\" ><\/div>\n\t\t\t\t\t\t\t\t\t\t\t<div class=\"elementor-gallery-item__overlay\"><\/div>\n\t\t\t\t\t\t\t\t\t\t\t\t\t\t<\/a>\n\t\t\t\t\t\t\t<a class=\"e-gallery-item elementor-gallery-item elementor-animated-content\" href=\"https:\/\/tiraholm.se\/wp-content\/uploads\/2023\/02\/fagel_02.jpg\" data-elementor-open-lightbox=\"yes\" data-elementor-lightbox-slideshow=\"62686cb\" data-elementor-lightbox-title=\"fagel_02\" data-e-action-hash=\"#elementor-action%3Aaction%3Dlightbox%26settings%3DeyJpZCI6MTY1OSwidXJsIjoiaHR0cHM6XC9cL3RpcmFob2xtLnNlXC93cC1jb250ZW50XC91cGxvYWRzXC8yMDIzXC8wMlwvZmFnZWxfMDIuanBnIiwic2xpZGVzaG93IjoiNjI2ODZjYiJ9\">\n\t\t\t\t\t<div class=\"e-gallery-image elementor-gallery-item__image\" data-thumbnail=\"https:\/\/tiraholm.se\/wp-content\/uploads\/2023\/02\/fagel_02-300x200.jpg\" data-width=\"300\" data-height=\"200\" aria-label=\"\" role=\"img\" ><\/div>\n\t\t\t\t\t\t\t\t\t\t\t<div class=\"elementor-gallery-item__overlay\"><\/div>\n\t\t\t\t\t\t\t\t\t\t\t\t\t\t<\/a>\n\t\t\t\t\t\t\t<a class=\"e-gallery-item elementor-gallery-item elementor-animated-content\" href=\"https:\/\/tiraholm.se\/wp-content\/uploads\/2023\/02\/fagel_03.jpg\" data-elementor-open-lightbox=\"yes\" data-elementor-lightbox-slideshow=\"62686cb\" data-elementor-lightbox-title=\"fagel_03\" data-e-action-hash=\"#elementor-action%3Aaction%3Dlightbox%26settings%3DeyJpZCI6MTY2MSwidXJsIjoiaHR0cHM6XC9cL3RpcmFob2xtLnNlXC93cC1jb250ZW50XC91cGxvYWRzXC8yMDIzXC8wMlwvZmFnZWxfMDMuanBnIiwic2xpZGVzaG93IjoiNjI2ODZjYiJ9\">\n\t\t\t\t\t<div class=\"e-gallery-image elementor-gallery-item__image\" data-thumbnail=\"https:\/\/tiraholm.se\/wp-content\/uploads\/2023\/02\/fagel_03-300x200.jpg\" data-width=\"300\" data-height=\"200\" aria-label=\"\" role=\"img\" ><\/div>\n\t\t\t\t\t\t\t\t\t\t\t<div class=\"elementor-gallery-item__overlay\"><\/div>\n\t\t\t\t\t\t\t\t\t\t\t\t\t\t<\/a>\n\t\t\t\t\t\t\t<a class=\"e-gallery-item elementor-gallery-item elementor-animated-content\" href=\"https:\/\/tiraholm.se\/wp-content\/uploads\/2023\/02\/fagel_04.jpg\" data-elementor-open-lightbox=\"yes\" data-elementor-lightbox-slideshow=\"62686cb\" data-elementor-lightbox-title=\"fagel_04\" data-e-action-hash=\"#elementor-action%3Aaction%3Dlightbox%26settings%3DeyJpZCI6MTY2MywidXJsIjoiaHR0cHM6XC9cL3RpcmFob2xtLnNlXC93cC1jb250ZW50XC91cGxvYWRzXC8yMDIzXC8wMlwvZmFnZWxfMDQuanBnIiwic2xpZGVzaG93IjoiNjI2ODZjYiJ9\">\n\t\t\t\t\t<div class=\"e-gallery-image elementor-gallery-item__image\" data-thumbnail=\"https:\/\/tiraholm.se\/wp-content\/uploads\/2023\/02\/fagel_04-300x200.jpg\" data-width=\"300\" data-height=\"200\" aria-label=\"\" role=\"img\" ><\/div>\n\t\t\t\t\t\t\t\t\t\t\t<div class=\"elementor-gallery-item__overlay\"><\/div>\n\t\t\t\t\t\t\t\t\t\t\t\t\t\t<\/a>\n\t\t\t\t\t<\/div>\n\t\t\t\t\t<\/div>\n\t\t\t\t<\/div>\n\t\t\t\t\t<\/div>\n\t\t\t\t<\/div>\n\t\t<div class=\"elementor-element elementor-element-23096f7 e-flex e-con-boxed e-con e-parent\" data-id=\"23096f7\" data-element_type=\"container\" data-e-type=\"container\">\n\t\t\t\t\t<div class=\"e-con-inner\">\n\t\t\t\t<div class=\"elementor-element elementor-element-b356013 elementor-widget elementor-widget-spacer\" data-id=\"b356013\" data-element_type=\"widget\" data-e-type=\"widget\" data-widget_type=\"spacer.default\">\n\t\t\t\t<div class=\"elementor-widget-container\">\n\t\t\t\t\t\t\t<div class=\"elementor-spacer\">\n\t\t\t<div class=\"elementor-spacer-inner\"><\/div>\n\t\t<\/div>\n\t\t\t\t\t\t<\/div>\n\t\t\t\t<\/div>\n\t\t\t\t\t<\/div>\n\t\t\t\t<\/div>\n\t\t<div class=\"elementor-element elementor-element-99cdf97 e-flex e-con-boxed e-con e-parent\" data-id=\"99cdf97\" data-element_type=\"container\" data-e-type=\"container\">\n\t\t\t\t\t<div class=\"e-con-inner\">\n\t\t\t\t<div class=\"elementor-element elementor-element-97cfdb3 elementor-widget elementor-widget-text-editor\" data-id=\"97cfdb3\" data-element_type=\"widget\" data-e-type=\"widget\" data-widget_type=\"text-editor.default\">\n\t\t\t\t<div class=\"elementor-widget-container\">\n\t\t\t\t\t\t\t\t\t<p>Die Gegend um Tiraholm ist reich an Tier- und Vogelarten. In den W\u00e4ldern leben Elche, Rehe, F\u00fcchse, Hasen und Dachse, und wenn Sie Gl\u00fcck haben, k\u00f6nnen Sie auch Auerh\u00fchner und Birkh\u00fchner sehen. Viele Seev\u00f6gel und verschiedene Entenarten \u00fcberfliegen den See, aber auch Reiher und Fischadler sind hier h\u00e4ufig zu sehen. Fischadler folgen oft dem Boot, wenn es Zeit ist, die Netze zu reinigen, und sie bedienen sich oft an dem einen oder anderen leckeren Happen, der direkt vom Boot serviert wird.<\/p>\n<p><span style=\"text-align: var(--text-align); background-color: var( --e-global-color-c696dce );\">Im Fr\u00fchjahr werden wir immer wieder von nistenden Kanadag\u00e4nsen und Graug\u00e4nsen besucht, und auch eine Reihe von Kranichen macht auf ihrem Weg zum Hornborgarsj\u00f6n gerne Station bei uns. Es gibt auch viele Schw\u00e4ne, Reiher, Adler, M\u00f6wen, Graum\u00f6wen und verschiedene Entenarten.<\/span><\/p>\n\t\t\t\t\t\t\t\t<\/div>\n\t\t\t\t<\/div>\n\t\t\t\t\t<\/div>\n\t\t\t\t<\/div>\n\t\t<div class=\"elementor-element elementor-element-02291f2 e-flex e-con-boxed e-con e-parent\" data-id=\"02291f2\" data-element_type=\"container\" data-e-type=\"container\">\n\t\t\t\t\t<div class=\"e-con-inner\">\n\t\t\t\t<div class=\"elementor-element elementor-element-3c3f3b6 elementor-widget elementor-widget-spacer\" data-id=\"3c3f3b6\" data-element_type=\"widget\" data-e-type=\"widget\" data-widget_type=\"spacer.default\">\n\t\t\t\t<div class=\"elementor-widget-container\">\n\t\t\t\t\t\t\t<div class=\"elementor-spacer\">\n\t\t\t<div class=\"elementor-spacer-inner\"><\/div>\n\t\t<\/div>\n\t\t\t\t\t\t<\/div>\n\t\t\t\t<\/div>\n\t\t\t\t\t<\/div>\n\t\t\t\t<\/div>\n\t\t\t\t<\/div>\n\t\t","protected":false},"excerpt":{"rendered":"<p>V\u00f6gel und Wildtiere Die Gegend um Tiraholm ist reich an Tier- und Vogelarten. In den W\u00e4ldern leben Elche, Rehe, F\u00fcchse, Hasen und Dachse, und wenn Sie Gl\u00fcck haben, k\u00f6nnen Sie [&hellip;]<\/p>\n","protected":false},"author":3,"featured_media":0,"parent":0,"menu_order":0,"comment_status":"closed","ping_status":"closed","template":"","meta":{"_acf_changed":false,"inline_featured_image":false,"footnotes":""},"class_list":["post-4817","page","type-page","status-publish","hentry"],"acf":[],"yoast_head":"<!-- This site is optimized with the Yoast SEO plugin v27.4 - https:\/\/yoast.com\/product\/yoast-seo-wordpress\/ -->\n<title>V\u00f6gel und Wildtiere - Tiraholms fisk<\/title>\n<meta name=\"robots\" content=\"index, follow, max-snippet:-1, max-image-preview:large, max-video-preview:-1\" \/>\n<link rel=\"canonical\" href=\"https:\/\/tiraholm.se\/de\/voegel-und-wildtiere\/\" \/>\n<meta property=\"og:locale\" content=\"de_DE\" \/>\n<meta property=\"og:type\" content=\"article\" \/>\n<meta property=\"og:title\" content=\"V\u00f6gel und Wildtiere - Tiraholms fisk\" \/>\n<meta property=\"og:description\" content=\"V\u00f6gel und Wildtiere Die Gegend um Tiraholm ist reich an Tier- und Vogelarten. In den W\u00e4ldern leben Elche, Rehe, F\u00fcchse, Hasen und Dachse, und wenn Sie Gl\u00fcck haben, k\u00f6nnen Sie [&hellip;]\" \/>\n<meta property=\"og:url\" content=\"https:\/\/tiraholm.se\/de\/voegel-und-wildtiere\/\" \/>\n<meta property=\"og:site_name\" content=\"Tiraholms fisk\" \/>\n<meta property=\"article:publisher\" content=\"https:\/\/www.facebook.com\/tiraholm\/?locale=sv_SE\" \/>\n<meta property=\"article:modified_time\" content=\"2023-10-13T09:32:56+00:00\" \/>\n<meta name=\"twitter:card\" content=\"summary_large_image\" \/>\n<meta name=\"twitter:label1\" content=\"Gesch\u00e4tzte Lesezeit\" \/>\n\t<meta name=\"twitter:data1\" content=\"1\u00a0Minute\" \/>\n<script type=\"application\/ld+json\" class=\"yoast-schema-graph\">{\"@context\":\"https:\\\/\\\/schema.org\",\"@graph\":[{\"@type\":\"WebPage\",\"@id\":\"https:\\\/\\\/tiraholm.se\\\/de\\\/voegel-und-wildtiere\\\/\",\"url\":\"https:\\\/\\\/tiraholm.se\\\/de\\\/voegel-und-wildtiere\\\/\",\"name\":\"V\u00f6gel und Wildtiere - Tiraholms fisk\",\"isPartOf\":{\"@id\":\"https:\\\/\\\/tiraholm.se\\\/de\\\/#website\"},\"datePublished\":\"2023-02-25T14:27:08+00:00\",\"dateModified\":\"2023-10-13T09:32:56+00:00\",\"breadcrumb\":{\"@id\":\"https:\\\/\\\/tiraholm.se\\\/de\\\/voegel-und-wildtiere\\\/#breadcrumb\"},\"inLanguage\":\"de\",\"potentialAction\":[{\"@type\":\"ReadAction\",\"target\":[\"https:\\\/\\\/tiraholm.se\\\/de\\\/voegel-und-wildtiere\\\/\"]}]},{\"@type\":\"BreadcrumbList\",\"@id\":\"https:\\\/\\\/tiraholm.se\\\/de\\\/voegel-und-wildtiere\\\/#breadcrumb\",\"itemListElement\":[{\"@type\":\"ListItem\",\"position\":1,\"name\":\"Home\",\"item\":\"https:\\\/\\\/tiraholm.se\\\/de\\\/tiraholm-fisch\\\/\"},{\"@type\":\"ListItem\",\"position\":2,\"name\":\"V\u00f6gel und Wildtiere\"}]},{\"@type\":\"WebSite\",\"@id\":\"https:\\\/\\\/tiraholm.se\\\/de\\\/#website\",\"url\":\"https:\\\/\\\/tiraholm.se\\\/de\\\/\",\"name\":\"Tiraholms fisk\",\"description\":\"G\u00e5rdsbutik - Hotell - Restaurang - Konferens\",\"publisher\":{\"@id\":\"https:\\\/\\\/tiraholm.se\\\/de\\\/#organization\"},\"potentialAction\":[{\"@type\":\"SearchAction\",\"target\":{\"@type\":\"EntryPoint\",\"urlTemplate\":\"https:\\\/\\\/tiraholm.se\\\/de\\\/?s={search_term_string}\"},\"query-input\":{\"@type\":\"PropertyValueSpecification\",\"valueRequired\":true,\"valueName\":\"search_term_string\"}}],\"inLanguage\":\"de\"},{\"@type\":\"Organization\",\"@id\":\"https:\\\/\\\/tiraholm.se\\\/de\\\/#organization\",\"name\":\"Tiraholms fisk\",\"url\":\"https:\\\/\\\/tiraholm.se\\\/de\\\/\",\"logo\":{\"@type\":\"ImageObject\",\"inLanguage\":\"de\",\"@id\":\"https:\\\/\\\/tiraholm.se\\\/de\\\/#\\\/schema\\\/logo\\\/image\\\/\",\"url\":\"https:\\\/\\\/tiraholm.se\\\/wp-content\\\/uploads\\\/2022\\\/11\\\/logo01.png\",\"contentUrl\":\"https:\\\/\\\/tiraholm.se\\\/wp-content\\\/uploads\\\/2022\\\/11\\\/logo01.png\",\"width\":903,\"height\":626,\"caption\":\"Tiraholms fisk\"},\"image\":{\"@id\":\"https:\\\/\\\/tiraholm.se\\\/de\\\/#\\\/schema\\\/logo\\\/image\\\/\"},\"sameAs\":[\"https:\\\/\\\/www.facebook.com\\\/tiraholm\\\/?locale=sv_SE\"]}]}<\/script>\n<!-- \/ Yoast SEO plugin. -->","yoast_head_json":{"title":"V\u00f6gel und Wildtiere - Tiraholms fisk","robots":{"index":"index","follow":"follow","max-snippet":"max-snippet:-1","max-image-preview":"max-image-preview:large","max-video-preview":"max-video-preview:-1"},"canonical":"https:\/\/tiraholm.se\/de\/voegel-und-wildtiere\/","og_locale":"de_DE","og_type":"article","og_title":"V\u00f6gel und Wildtiere - Tiraholms fisk","og_description":"V\u00f6gel und Wildtiere Die Gegend um Tiraholm ist reich an Tier- und Vogelarten. In den W\u00e4ldern leben Elche, Rehe, F\u00fcchse, Hasen und Dachse, und wenn Sie Gl\u00fcck haben, k\u00f6nnen Sie [&hellip;]","og_url":"https:\/\/tiraholm.se\/de\/voegel-und-wildtiere\/","og_site_name":"Tiraholms fisk","article_publisher":"https:\/\/www.facebook.com\/tiraholm\/?locale=sv_SE","article_modified_time":"2023-10-13T09:32:56+00:00","twitter_card":"summary_large_image","twitter_misc":{"Gesch\u00e4tzte Lesezeit":"1\u00a0Minute"},"schema":{"@context":"https:\/\/schema.org","@graph":[{"@type":"WebPage","@id":"https:\/\/tiraholm.se\/de\/voegel-und-wildtiere\/","url":"https:\/\/tiraholm.se\/de\/voegel-und-wildtiere\/","name":"V\u00f6gel und Wildtiere - Tiraholms fisk","isPartOf":{"@id":"https:\/\/tiraholm.se\/de\/#website"},"datePublished":"2023-02-25T14:27:08+00:00","dateModified":"2023-10-13T09:32:56+00:00","breadcrumb":{"@id":"https:\/\/tiraholm.se\/de\/voegel-und-wildtiere\/#breadcrumb"},"inLanguage":"de","potentialAction":[{"@type":"ReadAction","target":["https:\/\/tiraholm.se\/de\/voegel-und-wildtiere\/"]}]},{"@type":"BreadcrumbList","@id":"https:\/\/tiraholm.se\/de\/voegel-und-wildtiere\/#breadcrumb","itemListElement":[{"@type":"ListItem","position":1,"name":"Home","item":"https:\/\/tiraholm.se\/de\/tiraholm-fisch\/"},{"@type":"ListItem","position":2,"name":"V\u00f6gel und Wildtiere"}]},{"@type":"WebSite","@id":"https:\/\/tiraholm.se\/de\/#website","url":"https:\/\/tiraholm.se\/de\/","name":"Tiraholms fisk","description":"G\u00e5rdsbutik - Hotell - Restaurang - Konferens","publisher":{"@id":"https:\/\/tiraholm.se\/de\/#organization"},"potentialAction":[{"@type":"SearchAction","target":{"@type":"EntryPoint","urlTemplate":"https:\/\/tiraholm.se\/de\/?s={search_term_string}"},"query-input":{"@type":"PropertyValueSpecification","valueRequired":true,"valueName":"search_term_string"}}],"inLanguage":"de"},{"@type":"Organization","@id":"https:\/\/tiraholm.se\/de\/#organization","name":"Tiraholms fisk","url":"https:\/\/tiraholm.se\/de\/","logo":{"@type":"ImageObject","inLanguage":"de","@id":"https:\/\/tiraholm.se\/de\/#\/schema\/logo\/image\/","url":"https:\/\/tiraholm.se\/wp-content\/uploads\/2022\/11\/logo01.png","contentUrl":"https:\/\/tiraholm.se\/wp-content\/uploads\/2022\/11\/logo01.png","width":903,"height":626,"caption":"Tiraholms fisk"},"image":{"@id":"https:\/\/tiraholm.se\/de\/#\/schema\/logo\/image\/"},"sameAs":["https:\/\/www.facebook.com\/tiraholm\/?locale=sv_SE"]}]}},"_links":{"self":[{"href":"https:\/\/tiraholm.se\/de\/wp-json\/wp\/v2\/pages\/4817","targetHints":{"allow":["GET"]}}],"collection":[{"href":"https:\/\/tiraholm.se\/de\/wp-json\/wp\/v2\/pages"}],"about":[{"href":"https:\/\/tiraholm.se\/de\/wp-json\/wp\/v2\/types\/page"}],"author":[{"embeddable":true,"href":"https:\/\/tiraholm.se\/de\/wp-json\/wp\/v2\/users\/3"}],"replies":[{"embeddable":true,"href":"https:\/\/tiraholm.se\/de\/wp-json\/wp\/v2\/comments?post=4817"}],"version-history":[{"count":0,"href":"https:\/\/tiraholm.se\/de\/wp-json\/wp\/v2\/pages\/4817\/revisions"}],"wp:attachment":[{"href":"https:\/\/tiraholm.se\/de\/wp-json\/wp\/v2\/media?parent=4817"}],"curies":[{"name":"wp","href":"https:\/\/api.w.org\/{rel}","templated":true}]}}