{"id":4807,"date":"2023-03-04T11:35:43","date_gmt":"2023-03-04T11:35:43","guid":{"rendered":"https:\/\/tiraholm.se\/arbeiten-bei-tiraholm\/"},"modified":"2023-11-14T08:45:41","modified_gmt":"2023-11-14T08:45:41","slug":"arbeiten-bei-tiraholm","status":"publish","type":"page","link":"https:\/\/tiraholm.se\/de\/arbeiten-bei-tiraholm\/","title":{"rendered":"Arbeiten bei Tiraholm"},"content":{"rendered":"\t\t<div data-elementor-type=\"wp-page\" data-elementor-id=\"4807\" class=\"elementor elementor-4807 elementor-2603\" data-elementor-post-type=\"page\">\n\t\t\t\t<div class=\"elementor-element elementor-element-4dfc39b e-flex e-con-boxed e-con e-parent\" data-id=\"4dfc39b\" data-element_type=\"container\" data-e-type=\"container\" data-settings=\"{&quot;background_background&quot;:&quot;classic&quot;,&quot;shape_divider_bottom&quot;:&quot;wave-brush&quot;}\">\n\t\t\t\t\t<div class=\"e-con-inner\">\n\t\t\t\t<div class=\"elementor-shape elementor-shape-bottom\" aria-hidden=\"true\" data-negative=\"false\">\n\t\t\t<svg xmlns=\"http:\/\/www.w3.org\/2000\/svg\" viewBox=\"0 0 283.5 27.8\" preserveAspectRatio=\"none\">\n\t<path class=\"elementor-shape-fill\" d=\"M283.5,9.7c0,0-7.3,4.3-14,4.6c-6.8,0.3-12.6,0-20.9-1.5c-11.3-2-33.1-10.1-44.7-5.7\ts-12.1,4.6-18,7.4c-6.6,3.2-20,9.6-36.6,9.3C131.6,23.5,99.5,7.2,86.3,8c-1.4,0.1-6.6,0.8-10.5,2c-3.8,1.2-9.4,3.8-17,4.7\tc-3.2,0.4-8.3,1.1-14.2,0.9c-1.5-0.1-6.3-0.4-12-1.6c-5.7-1.2-11-3.1-15.8-3.7C6.5,9.2,0,10.8,0,10.8V0h283.5V9.7z M260.8,11.3\tc-0.7-1-2-0.4-4.3-0.4c-2.3,0-6.1-1.2-5.8-1.1c0.3,0.1,3.1,1.5,6,1.9C259.7,12.2,261.4,12.3,260.8,11.3z M242.4,8.6\tc0,0-2.4-0.2-5.6-0.9c-3.2-0.8-10.3-2.8-15.1-3.5c-8.2-1.1-15.8,0-15.1,0.1c0.8,0.1,9.6-0.6,17.6,1.1c3.3,0.7,9.3,2.2,12.4,2.7\tC239.9,8.7,242.4,8.6,242.4,8.6z M185.2,8.5c1.7-0.7-13.3,4.7-18.5,6.1c-2.1,0.6-6.2,1.6-10,2c-3.9,0.4-8.9,0.4-8.8,0.5\tc0,0.2,5.8,0.8,11.2,0c5.4-0.8,5.2-1.1,7.6-1.6C170.5,14.7,183.5,9.2,185.2,8.5z M199.1,6.9c0.2,0-0.8-0.4-4.8,1.1\tc-4,1.5-6.7,3.5-6.9,3.7c-0.2,0.1,3.5-1.8,6.6-3C197,7.5,199,6.9,199.1,6.9z M283,6c-0.1,0.1-1.9,1.1-4.8,2.5s-6.9,2.8-6.7,2.7\tc0.2,0,3.5-0.6,7.4-2.5C282.8,6.8,283.1,5.9,283,6z M31.3,11.6c0.1-0.2-1.9-0.2-4.5-1.2s-5.4-1.6-7.8-2C15,7.6,7.3,8.5,7.7,8.6\tC8,8.7,15.9,8.3,20.2,9.3c2.2,0.5,2.4,0.5,5.7,1.6S31.2,11.9,31.3,11.6z M73,9.2c0.4-0.1,3.5-1.6,8.4-2.6c4.9-1.1,8.9-0.5,8.9-0.8\tc0-0.3-1-0.9-6.2-0.3S72.6,9.3,73,9.2z M71.6,6.7C71.8,6.8,75,5.4,77.3,5c2.3-0.3,1.9-0.5,1.9-0.6c0-0.1-1.1-0.2-2.7,0.2\tC74.8,5.1,71.4,6.6,71.6,6.7z M93.6,4.4c0.1,0.2,3.5,0.8,5.6,1.8c2.1,1,1.8,0.6,1.9,0.5c0.1-0.1-0.8-0.8-2.4-1.3\tC97.1,4.8,93.5,4.2,93.6,4.4z M65.4,11.1c-0.1,0.3,0.3,0.5,1.9-0.2s2.6-1.3,2.2-1.2s-0.9,0.4-2.5,0.8C65.3,10.9,65.5,10.8,65.4,11.1\tz M34.5,12.4c-0.2,0,2.1,0.8,3.3,0.9c1.2,0.1,2,0.1,2-0.2c0-0.3-0.1-0.5-1.6-0.4C36.6,12.8,34.7,12.4,34.5,12.4z M152.2,21.1\tc-0.1,0.1-2.4-0.3-7.5-0.3c-5,0-13.6-2.4-17.2-3.5c-3.6-1.1,10,3.9,16.5,4.1C150.5,21.6,152.3,21,152.2,21.1z\"\/>\n\t<path class=\"elementor-shape-fill\" d=\"M269.6,18c-0.1-0.1-4.6,0.3-7.2,0c-7.3-0.7-17-3.2-16.6-2.9c0.4,0.3,13.7,3.1,17,3.3\tC267.7,18.8,269.7,18,269.6,18z\"\/>\n\t<path class=\"elementor-shape-fill\" d=\"M227.4,9.8c-0.2-0.1-4.5-1-9.5-1.2c-5-0.2-12.7,0.6-12.3,0.5c0.3-0.1,5.9-1.8,13.3-1.2\tS227.6,9.9,227.4,9.8z\"\/>\n\t<path class=\"elementor-shape-fill\" d=\"M204.5,13.4c-0.1-0.1,2-1,3.2-1.1c1.2-0.1,2,0,2,0.3c0,0.3-0.1,0.5-1.6,0.4\tC206.4,12.9,204.6,13.5,204.5,13.4z\"\/>\n\t<path class=\"elementor-shape-fill\" d=\"M201,10.6c0-0.1-4.4,1.2-6.3,2.2c-1.9,0.9-6.2,3.1-6.1,3.1c0.1,0.1,4.2-1.6,6.3-2.6\tS201,10.7,201,10.6z\"\/>\n\t<path class=\"elementor-shape-fill\" d=\"M154.5,26.7c-0.1-0.1-4.6,0.3-7.2,0c-7.3-0.7-17-3.2-16.6-2.9c0.4,0.3,13.7,3.1,17,3.3\tC152.6,27.5,154.6,26.8,154.5,26.7z\"\/>\n\t<path class=\"elementor-shape-fill\" d=\"M41.9,19.3c0,0,1.2-0.3,2.9-0.1c1.7,0.2,5.8,0.9,8.2,0.7c4.2-0.4,7.4-2.7,7-2.6\tc-0.4,0-4.3,2.2-8.6,1.9c-1.8-0.1-5.1-0.5-6.7-0.4S41.9,19.3,41.9,19.3z\"\/>\n\t<path class=\"elementor-shape-fill\" d=\"M75.5,12.6c0.2,0.1,2-0.8,4.3-1.1c2.3-0.2,2.1-0.3,2.1-0.5c0-0.1-1.8-0.4-3.4,0\tC76.9,11.5,75.3,12.5,75.5,12.6z\"\/>\n\t<path class=\"elementor-shape-fill\" d=\"M15.6,13.2c0-0.1,4.3,0,6.7,0.5c2.4,0.5,5,1.9,5,2c0,0.1-2.7-0.8-5.1-1.4\tC19.9,13.7,15.7,13.3,15.6,13.2z\"\/>\n<\/svg>\t\t<\/div>\n\t\t\t\t<div class=\"elementor-element elementor-element-226c7c48 elementor-widget elementor-widget-heading\" data-id=\"226c7c48\" data-element_type=\"widget\" data-e-type=\"widget\" data-widget_type=\"heading.default\">\n\t\t\t\t<div class=\"elementor-widget-container\">\n\t\t\t\t\t<h2 class=\"elementor-heading-title elementor-size-default\">Arbeiten bei Tiraholm<\/h2>\t\t\t\t<\/div>\n\t\t\t\t<\/div>\n\t\t\t\t<div class=\"elementor-element elementor-element-236ee0a4 elementor-widget elementor-widget-text-editor\" data-id=\"236ee0a4\" data-element_type=\"widget\" data-e-type=\"widget\" data-widget_type=\"text-editor.default\">\n\t\t\t\t<div class=\"elementor-widget-container\">\n\t\t\t\t\t\t\t\t\t<p>Tiraholms Fisk ist ein Familienbetrieb am Westufer des Bolmensees, wo Sm\u00e5land auf Halland trifft. Auf einer malerischen Landzunge gelegen, besch\u00e4ftigt unser Standort im Sommer etwa 30 Saisonarbeiter.<\/p>\n\t\t\t\t\t\t\t\t<\/div>\n\t\t\t\t<\/div>\n\t\t\t\t\t<\/div>\n\t\t\t\t<\/div>\n\t\t<div class=\"elementor-element elementor-element-f8b460a e-flex e-con-boxed e-con e-parent\" data-id=\"f8b460a\" data-element_type=\"container\" data-e-type=\"container\">\n\t\t\t\t\t<div class=\"e-con-inner\">\n\t\t<div class=\"elementor-element elementor-element-b169b76 e-con-full e-flex e-con e-child\" data-id=\"b169b76\" data-element_type=\"container\" data-e-type=\"container\">\n\t\t\t\t<div class=\"elementor-element elementor-element-8443d30 elementor-widget elementor-widget-text-editor\" data-id=\"8443d30\" data-element_type=\"widget\" data-e-type=\"widget\" data-widget_type=\"text-editor.default\">\n\t\t\t\t<div class=\"elementor-widget-container\">\n\t\t\t\t\t\t\t\t\t<div class=\"wpb_text_column wpb_content_element \">\n<div class=\"wpb_wrapper\">\n<p>Die Hauptt\u00e4tigkeit ist der kommerzielle Fischfang in Bolmen auf Zander, Hecht, Aal, Felchen und andere. Regenbogenforellen werden in S\u00e4cken gez\u00fcchtet, die nur wenige hundert Meter von Ihrem eigenen Bootssteg entfernt sind.<\/p>\n<p>Die K\u00f6stlichkeiten des Sees, die nach eigenen Rezepten zubereitet werden, k\u00f6nnen im Fischrestaurant und im Seepavillon der Farm genossen werden. Im Hofladen wird ger\u00e4ucherter, gegrillter, eingelegter und frischer Seefisch verkauft.<\/p>\n<p>Seit einigen Jahren befindet sich auf dem Hof ein Hotel und Konferenzzentrum mit 22 Zimmern und drei Konferenzr\u00e4umen.<\/p>\n<p>In unserem Eiscaf\u00e9 haben viele gl\u00fcckliche junge Menschen ihren Einstieg in Tiraholm und in den Arbeitsmarkt gefunden! K\u00f6nnten Sie es dieses Jahr sein?<\/p>\n<p>Wir er\u00f6ffnen die meisten Aktivit\u00e4ten f\u00fcr die Saison im M\u00e4rz und April. Wir m\u00f6chten also, dass Sie im Fr\u00fchjahr an einigen Wochenenden arbeiten k\u00f6nnen. Im Sommer ist der Druck oft hoch und herrlich!<\/p>\n<p>F\u00fcr Fr\u00fchjahr und Sommer 2024 suchen wir Sie mit Interesse und Erfahrung in:<\/p>\n<p>&#8211; <strong>K\u00dcCHE <\/strong><\/p>\n<p>&#8211; <strong>DIENEN<\/strong> <\/p>\n<p>&#8211; <strong>SUPERINTENDENT<\/strong><\/p>\n<p>&#8211; <strong>HOTELREZEPTION\/FR\u00dcHST\u00dcCK <\/strong><\/p>\n<p>&#8211; <strong>SPEISEEISVERKAUF<\/strong><\/p>\n<p>&#8211; <strong>STADT<\/strong><\/p>\n<p>&#8211; <strong>DISK <\/strong><\/p>\n<p>Wir glauben, dass Sie dienstleistungsorientiert, verantwortungsbewusst, kooperativ, zwischen 16 und 70 Jahre alt, fr\u00f6hlich und positiv sind!<\/p>\n<p>Willkommen mit Ihrer Bewerbung an <a href=\"mailto:malin@tiraholm.se\">jobba@tiraholm.se<\/a> zwischen dem 1. Januar und dem 1. M\u00e4rz, stellen wir kontinuierlich so, wenn Sie interessiert sind, nicht warten.<\/p>\n<\/div>\n<\/div>\n<div class=\"vc_empty_space\"> <\/div>\n\t\t\t\t\t\t\t\t<\/div>\n\t\t\t\t<\/div>\n\t\t\t\t<\/div>\n\t\t<div class=\"elementor-element elementor-element-8920e38 e-con-full e-flex e-con e-child\" data-id=\"8920e38\" data-element_type=\"container\" data-e-type=\"container\">\n\t\t\t\t<div class=\"elementor-element elementor-element-b6f1bca elementor-widget elementor-widget-image\" data-id=\"b6f1bca\" data-element_type=\"widget\" data-e-type=\"widget\" data-widget_type=\"image.default\">\n\t\t\t\t<div class=\"elementor-widget-container\">\n\t\t\t\t\t\t\t\t\t\t\t\t\t\t\t<img fetchpriority=\"high\" decoding=\"async\" width=\"800\" height=\"800\" src=\"https:\/\/tiraholm.se\/wp-content\/uploads\/2023\/02\/310234724_5391912084189443_2670094209677912239_n-1024x1024.jpg\" class=\"attachment-large size-large wp-image-1304\" alt=\"\" srcset=\"https:\/\/tiraholm.se\/wp-content\/uploads\/2023\/02\/310234724_5391912084189443_2670094209677912239_n-1024x1024.jpg 1024w, https:\/\/tiraholm.se\/wp-content\/uploads\/2023\/02\/310234724_5391912084189443_2670094209677912239_n-300x300.jpg 300w, https:\/\/tiraholm.se\/wp-content\/uploads\/2023\/02\/310234724_5391912084189443_2670094209677912239_n-450x450.jpg 450w, https:\/\/tiraholm.se\/wp-content\/uploads\/2023\/02\/310234724_5391912084189443_2670094209677912239_n-768x768.jpg 768w, https:\/\/tiraholm.se\/wp-content\/uploads\/2023\/02\/310234724_5391912084189443_2670094209677912239_n.jpg 1440w\" sizes=\"(max-width: 800px) 100vw, 800px\" \/>\t\t\t\t\t\t\t\t\t\t\t\t\t\t\t<\/div>\n\t\t\t\t<\/div>\n\t\t\t\t<\/div>\n\t\t\t\t\t<\/div>\n\t\t\t\t<\/div>\n\t\t\t\t<\/div>\n\t\t","protected":false},"excerpt":{"rendered":"<p>Arbeiten bei Tiraholm Tiraholms Fisk ist ein Familienbetrieb am Westufer des Bolmensees, wo Sm\u00e5land auf Halland trifft. Auf einer malerischen Landzunge gelegen, besch\u00e4ftigt unser Standort im Sommer etwa 30 Saisonarbeiter. [&hellip;]<\/p>\n","protected":false},"author":3,"featured_media":0,"parent":0,"menu_order":0,"comment_status":"closed","ping_status":"closed","template":"","meta":{"_acf_changed":false,"inline_featured_image":false,"footnotes":""},"class_list":["post-4807","page","type-page","status-publish","hentry"],"acf":[],"yoast_head":"<!-- This site is optimized with the Yoast SEO plugin v27.4 - https:\/\/yoast.com\/product\/yoast-seo-wordpress\/ -->\n<title>Arbeiten bei Tiraholm - Tiraholms fisk<\/title>\n<meta name=\"robots\" content=\"index, follow, max-snippet:-1, max-image-preview:large, max-video-preview:-1\" \/>\n<link rel=\"canonical\" href=\"https:\/\/tiraholm.se\/de\/arbeiten-bei-tiraholm\/\" \/>\n<meta property=\"og:locale\" content=\"de_DE\" \/>\n<meta property=\"og:type\" content=\"article\" \/>\n<meta property=\"og:title\" content=\"Arbeiten bei Tiraholm - Tiraholms fisk\" \/>\n<meta property=\"og:description\" content=\"Arbeiten bei Tiraholm Tiraholms Fisk ist ein Familienbetrieb am Westufer des Bolmensees, wo Sm\u00e5land auf Halland trifft. Auf einer malerischen Landzunge gelegen, besch\u00e4ftigt unser Standort im Sommer etwa 30 Saisonarbeiter. [&hellip;]\" \/>\n<meta property=\"og:url\" content=\"https:\/\/tiraholm.se\/de\/arbeiten-bei-tiraholm\/\" \/>\n<meta property=\"og:site_name\" content=\"Tiraholms fisk\" \/>\n<meta property=\"article:publisher\" content=\"https:\/\/www.facebook.com\/tiraholm\/?locale=sv_SE\" \/>\n<meta property=\"article:modified_time\" content=\"2023-11-14T08:45:41+00:00\" \/>\n<meta property=\"og:image\" content=\"https:\/\/tiraholm.se\/wp-content\/uploads\/2023\/02\/310234724_5391912084189443_2670094209677912239_n-1024x1024.jpg\" \/>\n<meta name=\"twitter:card\" content=\"summary_large_image\" \/>\n<meta name=\"twitter:label1\" content=\"Gesch\u00e4tzte Lesezeit\" \/>\n\t<meta name=\"twitter:data1\" content=\"1\u00a0Minute\" \/>\n<script type=\"application\/ld+json\" class=\"yoast-schema-graph\">{\"@context\":\"https:\\\/\\\/schema.org\",\"@graph\":[{\"@type\":\"WebPage\",\"@id\":\"https:\\\/\\\/tiraholm.se\\\/de\\\/arbeiten-bei-tiraholm\\\/\",\"url\":\"https:\\\/\\\/tiraholm.se\\\/de\\\/arbeiten-bei-tiraholm\\\/\",\"name\":\"Arbeiten bei Tiraholm - Tiraholms fisk\",\"isPartOf\":{\"@id\":\"https:\\\/\\\/tiraholm.se\\\/de\\\/#website\"},\"primaryImageOfPage\":{\"@id\":\"https:\\\/\\\/tiraholm.se\\\/de\\\/arbeiten-bei-tiraholm\\\/#primaryimage\"},\"image\":{\"@id\":\"https:\\\/\\\/tiraholm.se\\\/de\\\/arbeiten-bei-tiraholm\\\/#primaryimage\"},\"thumbnailUrl\":\"https:\\\/\\\/tiraholm.se\\\/wp-content\\\/uploads\\\/2023\\\/02\\\/310234724_5391912084189443_2670094209677912239_n-1024x1024.jpg\",\"datePublished\":\"2023-03-04T11:35:43+00:00\",\"dateModified\":\"2023-11-14T08:45:41+00:00\",\"breadcrumb\":{\"@id\":\"https:\\\/\\\/tiraholm.se\\\/de\\\/arbeiten-bei-tiraholm\\\/#breadcrumb\"},\"inLanguage\":\"de\",\"potentialAction\":[{\"@type\":\"ReadAction\",\"target\":[\"https:\\\/\\\/tiraholm.se\\\/de\\\/arbeiten-bei-tiraholm\\\/\"]}]},{\"@type\":\"ImageObject\",\"inLanguage\":\"de\",\"@id\":\"https:\\\/\\\/tiraholm.se\\\/de\\\/arbeiten-bei-tiraholm\\\/#primaryimage\",\"url\":\"https:\\\/\\\/tiraholm.se\\\/wp-content\\\/uploads\\\/2023\\\/02\\\/310234724_5391912084189443_2670094209677912239_n-1024x1024.jpg\",\"contentUrl\":\"https:\\\/\\\/tiraholm.se\\\/wp-content\\\/uploads\\\/2023\\\/02\\\/310234724_5391912084189443_2670094209677912239_n-1024x1024.jpg\"},{\"@type\":\"BreadcrumbList\",\"@id\":\"https:\\\/\\\/tiraholm.se\\\/de\\\/arbeiten-bei-tiraholm\\\/#breadcrumb\",\"itemListElement\":[{\"@type\":\"ListItem\",\"position\":1,\"name\":\"Home\",\"item\":\"https:\\\/\\\/tiraholm.se\\\/de\\\/tiraholm-fisch\\\/\"},{\"@type\":\"ListItem\",\"position\":2,\"name\":\"Arbeiten bei Tiraholm\"}]},{\"@type\":\"WebSite\",\"@id\":\"https:\\\/\\\/tiraholm.se\\\/de\\\/#website\",\"url\":\"https:\\\/\\\/tiraholm.se\\\/de\\\/\",\"name\":\"Tiraholms fisk\",\"description\":\"G\u00e5rdsbutik - Hotell - Restaurang - Konferens\",\"publisher\":{\"@id\":\"https:\\\/\\\/tiraholm.se\\\/de\\\/#organization\"},\"potentialAction\":[{\"@type\":\"SearchAction\",\"target\":{\"@type\":\"EntryPoint\",\"urlTemplate\":\"https:\\\/\\\/tiraholm.se\\\/de\\\/?s={search_term_string}\"},\"query-input\":{\"@type\":\"PropertyValueSpecification\",\"valueRequired\":true,\"valueName\":\"search_term_string\"}}],\"inLanguage\":\"de\"},{\"@type\":\"Organization\",\"@id\":\"https:\\\/\\\/tiraholm.se\\\/de\\\/#organization\",\"name\":\"Tiraholms fisk\",\"url\":\"https:\\\/\\\/tiraholm.se\\\/de\\\/\",\"logo\":{\"@type\":\"ImageObject\",\"inLanguage\":\"de\",\"@id\":\"https:\\\/\\\/tiraholm.se\\\/de\\\/#\\\/schema\\\/logo\\\/image\\\/\",\"url\":\"https:\\\/\\\/tiraholm.se\\\/wp-content\\\/uploads\\\/2022\\\/11\\\/logo01.png\",\"contentUrl\":\"https:\\\/\\\/tiraholm.se\\\/wp-content\\\/uploads\\\/2022\\\/11\\\/logo01.png\",\"width\":903,\"height\":626,\"caption\":\"Tiraholms fisk\"},\"image\":{\"@id\":\"https:\\\/\\\/tiraholm.se\\\/de\\\/#\\\/schema\\\/logo\\\/image\\\/\"},\"sameAs\":[\"https:\\\/\\\/www.facebook.com\\\/tiraholm\\\/?locale=sv_SE\"]}]}<\/script>\n<!-- \/ Yoast SEO plugin. -->","yoast_head_json":{"title":"Arbeiten bei Tiraholm - Tiraholms fisk","robots":{"index":"index","follow":"follow","max-snippet":"max-snippet:-1","max-image-preview":"max-image-preview:large","max-video-preview":"max-video-preview:-1"},"canonical":"https:\/\/tiraholm.se\/de\/arbeiten-bei-tiraholm\/","og_locale":"de_DE","og_type":"article","og_title":"Arbeiten bei Tiraholm - Tiraholms fisk","og_description":"Arbeiten bei Tiraholm Tiraholms Fisk ist ein Familienbetrieb am Westufer des Bolmensees, wo Sm\u00e5land auf Halland trifft. Auf einer malerischen Landzunge gelegen, besch\u00e4ftigt unser Standort im Sommer etwa 30 Saisonarbeiter. [&hellip;]","og_url":"https:\/\/tiraholm.se\/de\/arbeiten-bei-tiraholm\/","og_site_name":"Tiraholms fisk","article_publisher":"https:\/\/www.facebook.com\/tiraholm\/?locale=sv_SE","article_modified_time":"2023-11-14T08:45:41+00:00","og_image":[{"url":"https:\/\/tiraholm.se\/wp-content\/uploads\/2023\/02\/310234724_5391912084189443_2670094209677912239_n-1024x1024.jpg","type":"","width":"","height":""}],"twitter_card":"summary_large_image","twitter_misc":{"Gesch\u00e4tzte Lesezeit":"1\u00a0Minute"},"schema":{"@context":"https:\/\/schema.org","@graph":[{"@type":"WebPage","@id":"https:\/\/tiraholm.se\/de\/arbeiten-bei-tiraholm\/","url":"https:\/\/tiraholm.se\/de\/arbeiten-bei-tiraholm\/","name":"Arbeiten bei Tiraholm - Tiraholms fisk","isPartOf":{"@id":"https:\/\/tiraholm.se\/de\/#website"},"primaryImageOfPage":{"@id":"https:\/\/tiraholm.se\/de\/arbeiten-bei-tiraholm\/#primaryimage"},"image":{"@id":"https:\/\/tiraholm.se\/de\/arbeiten-bei-tiraholm\/#primaryimage"},"thumbnailUrl":"https:\/\/tiraholm.se\/wp-content\/uploads\/2023\/02\/310234724_5391912084189443_2670094209677912239_n-1024x1024.jpg","datePublished":"2023-03-04T11:35:43+00:00","dateModified":"2023-11-14T08:45:41+00:00","breadcrumb":{"@id":"https:\/\/tiraholm.se\/de\/arbeiten-bei-tiraholm\/#breadcrumb"},"inLanguage":"de","potentialAction":[{"@type":"ReadAction","target":["https:\/\/tiraholm.se\/de\/arbeiten-bei-tiraholm\/"]}]},{"@type":"ImageObject","inLanguage":"de","@id":"https:\/\/tiraholm.se\/de\/arbeiten-bei-tiraholm\/#primaryimage","url":"https:\/\/tiraholm.se\/wp-content\/uploads\/2023\/02\/310234724_5391912084189443_2670094209677912239_n-1024x1024.jpg","contentUrl":"https:\/\/tiraholm.se\/wp-content\/uploads\/2023\/02\/310234724_5391912084189443_2670094209677912239_n-1024x1024.jpg"},{"@type":"BreadcrumbList","@id":"https:\/\/tiraholm.se\/de\/arbeiten-bei-tiraholm\/#breadcrumb","itemListElement":[{"@type":"ListItem","position":1,"name":"Home","item":"https:\/\/tiraholm.se\/de\/tiraholm-fisch\/"},{"@type":"ListItem","position":2,"name":"Arbeiten bei Tiraholm"}]},{"@type":"WebSite","@id":"https:\/\/tiraholm.se\/de\/#website","url":"https:\/\/tiraholm.se\/de\/","name":"Tiraholms fisk","description":"G\u00e5rdsbutik - Hotell - Restaurang - Konferens","publisher":{"@id":"https:\/\/tiraholm.se\/de\/#organization"},"potentialAction":[{"@type":"SearchAction","target":{"@type":"EntryPoint","urlTemplate":"https:\/\/tiraholm.se\/de\/?s={search_term_string}"},"query-input":{"@type":"PropertyValueSpecification","valueRequired":true,"valueName":"search_term_string"}}],"inLanguage":"de"},{"@type":"Organization","@id":"https:\/\/tiraholm.se\/de\/#organization","name":"Tiraholms fisk","url":"https:\/\/tiraholm.se\/de\/","logo":{"@type":"ImageObject","inLanguage":"de","@id":"https:\/\/tiraholm.se\/de\/#\/schema\/logo\/image\/","url":"https:\/\/tiraholm.se\/wp-content\/uploads\/2022\/11\/logo01.png","contentUrl":"https:\/\/tiraholm.se\/wp-content\/uploads\/2022\/11\/logo01.png","width":903,"height":626,"caption":"Tiraholms fisk"},"image":{"@id":"https:\/\/tiraholm.se\/de\/#\/schema\/logo\/image\/"},"sameAs":["https:\/\/www.facebook.com\/tiraholm\/?locale=sv_SE"]}]}},"_links":{"self":[{"href":"https:\/\/tiraholm.se\/de\/wp-json\/wp\/v2\/pages\/4807","targetHints":{"allow":["GET"]}}],"collection":[{"href":"https:\/\/tiraholm.se\/de\/wp-json\/wp\/v2\/pages"}],"about":[{"href":"https:\/\/tiraholm.se\/de\/wp-json\/wp\/v2\/types\/page"}],"author":[{"embeddable":true,"href":"https:\/\/tiraholm.se\/de\/wp-json\/wp\/v2\/users\/3"}],"replies":[{"embeddable":true,"href":"https:\/\/tiraholm.se\/de\/wp-json\/wp\/v2\/comments?post=4807"}],"version-history":[{"count":0,"href":"https:\/\/tiraholm.se\/de\/wp-json\/wp\/v2\/pages\/4807\/revisions"}],"wp:attachment":[{"href":"https:\/\/tiraholm.se\/de\/wp-json\/wp\/v2\/media?parent=4807"}],"curies":[{"name":"wp","href":"https:\/\/api.w.org\/{rel}","templated":true}]}}