{"id":4801,"date":"2023-02-25T13:36:35","date_gmt":"2023-02-25T13:36:35","guid":{"rendered":"https:\/\/tiraholm.se\/tiraholm-im-wandel-der-zeit\/"},"modified":"2023-10-13T09:32:55","modified_gmt":"2023-10-13T09:32:55","slug":"tiraholm-im-wandel-der-zeit","status":"publish","type":"page","link":"https:\/\/tiraholm.se\/de\/tiraholm-im-wandel-der-zeit\/","title":{"rendered":"Tiraholm im Wandel der Zeit"},"content":{"rendered":"\t\t<div data-elementor-type=\"wp-page\" data-elementor-id=\"4801\" class=\"elementor elementor-4801 elementor-1625\" data-elementor-post-type=\"page\">\n\t\t\t\t<div class=\"elementor-element elementor-element-09e0446 e-flex e-con-boxed e-con e-parent\" data-id=\"09e0446\" data-element_type=\"container\" data-e-type=\"container\" data-settings=\"{&quot;background_background&quot;:&quot;classic&quot;,&quot;shape_divider_bottom&quot;:&quot;wave-brush&quot;}\">\n\t\t\t\t\t<div class=\"e-con-inner\">\n\t\t\t\t<div class=\"elementor-shape elementor-shape-bottom\" aria-hidden=\"true\" data-negative=\"false\">\n\t\t\t<svg xmlns=\"http:\/\/www.w3.org\/2000\/svg\" viewBox=\"0 0 283.5 27.8\" preserveAspectRatio=\"none\">\n\t<path class=\"elementor-shape-fill\" d=\"M283.5,9.7c0,0-7.3,4.3-14,4.6c-6.8,0.3-12.6,0-20.9-1.5c-11.3-2-33.1-10.1-44.7-5.7\ts-12.1,4.6-18,7.4c-6.6,3.2-20,9.6-36.6,9.3C131.6,23.5,99.5,7.2,86.3,8c-1.4,0.1-6.6,0.8-10.5,2c-3.8,1.2-9.4,3.8-17,4.7\tc-3.2,0.4-8.3,1.1-14.2,0.9c-1.5-0.1-6.3-0.4-12-1.6c-5.7-1.2-11-3.1-15.8-3.7C6.5,9.2,0,10.8,0,10.8V0h283.5V9.7z M260.8,11.3\tc-0.7-1-2-0.4-4.3-0.4c-2.3,0-6.1-1.2-5.8-1.1c0.3,0.1,3.1,1.5,6,1.9C259.7,12.2,261.4,12.3,260.8,11.3z M242.4,8.6\tc0,0-2.4-0.2-5.6-0.9c-3.2-0.8-10.3-2.8-15.1-3.5c-8.2-1.1-15.8,0-15.1,0.1c0.8,0.1,9.6-0.6,17.6,1.1c3.3,0.7,9.3,2.2,12.4,2.7\tC239.9,8.7,242.4,8.6,242.4,8.6z M185.2,8.5c1.7-0.7-13.3,4.7-18.5,6.1c-2.1,0.6-6.2,1.6-10,2c-3.9,0.4-8.9,0.4-8.8,0.5\tc0,0.2,5.8,0.8,11.2,0c5.4-0.8,5.2-1.1,7.6-1.6C170.5,14.7,183.5,9.2,185.2,8.5z M199.1,6.9c0.2,0-0.8-0.4-4.8,1.1\tc-4,1.5-6.7,3.5-6.9,3.7c-0.2,0.1,3.5-1.8,6.6-3C197,7.5,199,6.9,199.1,6.9z M283,6c-0.1,0.1-1.9,1.1-4.8,2.5s-6.9,2.8-6.7,2.7\tc0.2,0,3.5-0.6,7.4-2.5C282.8,6.8,283.1,5.9,283,6z M31.3,11.6c0.1-0.2-1.9-0.2-4.5-1.2s-5.4-1.6-7.8-2C15,7.6,7.3,8.5,7.7,8.6\tC8,8.7,15.9,8.3,20.2,9.3c2.2,0.5,2.4,0.5,5.7,1.6S31.2,11.9,31.3,11.6z M73,9.2c0.4-0.1,3.5-1.6,8.4-2.6c4.9-1.1,8.9-0.5,8.9-0.8\tc0-0.3-1-0.9-6.2-0.3S72.6,9.3,73,9.2z M71.6,6.7C71.8,6.8,75,5.4,77.3,5c2.3-0.3,1.9-0.5,1.9-0.6c0-0.1-1.1-0.2-2.7,0.2\tC74.8,5.1,71.4,6.6,71.6,6.7z M93.6,4.4c0.1,0.2,3.5,0.8,5.6,1.8c2.1,1,1.8,0.6,1.9,0.5c0.1-0.1-0.8-0.8-2.4-1.3\tC97.1,4.8,93.5,4.2,93.6,4.4z M65.4,11.1c-0.1,0.3,0.3,0.5,1.9-0.2s2.6-1.3,2.2-1.2s-0.9,0.4-2.5,0.8C65.3,10.9,65.5,10.8,65.4,11.1\tz M34.5,12.4c-0.2,0,2.1,0.8,3.3,0.9c1.2,0.1,2,0.1,2-0.2c0-0.3-0.1-0.5-1.6-0.4C36.6,12.8,34.7,12.4,34.5,12.4z M152.2,21.1\tc-0.1,0.1-2.4-0.3-7.5-0.3c-5,0-13.6-2.4-17.2-3.5c-3.6-1.1,10,3.9,16.5,4.1C150.5,21.6,152.3,21,152.2,21.1z\"\/>\n\t<path class=\"elementor-shape-fill\" d=\"M269.6,18c-0.1-0.1-4.6,0.3-7.2,0c-7.3-0.7-17-3.2-16.6-2.9c0.4,0.3,13.7,3.1,17,3.3\tC267.7,18.8,269.7,18,269.6,18z\"\/>\n\t<path class=\"elementor-shape-fill\" d=\"M227.4,9.8c-0.2-0.1-4.5-1-9.5-1.2c-5-0.2-12.7,0.6-12.3,0.5c0.3-0.1,5.9-1.8,13.3-1.2\tS227.6,9.9,227.4,9.8z\"\/>\n\t<path class=\"elementor-shape-fill\" d=\"M204.5,13.4c-0.1-0.1,2-1,3.2-1.1c1.2-0.1,2,0,2,0.3c0,0.3-0.1,0.5-1.6,0.4\tC206.4,12.9,204.6,13.5,204.5,13.4z\"\/>\n\t<path class=\"elementor-shape-fill\" d=\"M201,10.6c0-0.1-4.4,1.2-6.3,2.2c-1.9,0.9-6.2,3.1-6.1,3.1c0.1,0.1,4.2-1.6,6.3-2.6\tS201,10.7,201,10.6z\"\/>\n\t<path class=\"elementor-shape-fill\" d=\"M154.5,26.7c-0.1-0.1-4.6,0.3-7.2,0c-7.3-0.7-17-3.2-16.6-2.9c0.4,0.3,13.7,3.1,17,3.3\tC152.6,27.5,154.6,26.8,154.5,26.7z\"\/>\n\t<path class=\"elementor-shape-fill\" d=\"M41.9,19.3c0,0,1.2-0.3,2.9-0.1c1.7,0.2,5.8,0.9,8.2,0.7c4.2-0.4,7.4-2.7,7-2.6\tc-0.4,0-4.3,2.2-8.6,1.9c-1.8-0.1-5.1-0.5-6.7-0.4S41.9,19.3,41.9,19.3z\"\/>\n\t<path class=\"elementor-shape-fill\" d=\"M75.5,12.6c0.2,0.1,2-0.8,4.3-1.1c2.3-0.2,2.1-0.3,2.1-0.5c0-0.1-1.8-0.4-3.4,0\tC76.9,11.5,75.3,12.5,75.5,12.6z\"\/>\n\t<path class=\"elementor-shape-fill\" d=\"M15.6,13.2c0-0.1,4.3,0,6.7,0.5c2.4,0.5,5,1.9,5,2c0,0.1-2.7-0.8-5.1-1.4\tC19.9,13.7,15.7,13.3,15.6,13.2z\"\/>\n<\/svg>\t\t<\/div>\n\t\t<div class=\"elementor-element elementor-element-9cae5a5 e-con-full e-flex e-con e-parent\" data-id=\"9cae5a5\" data-element_type=\"container\" data-e-type=\"container\">\n\t\t\t\t<div class=\"elementor-element elementor-element-c91790b elementor-widget elementor-widget-heading\" data-id=\"c91790b\" data-element_type=\"widget\" data-e-type=\"widget\" data-widget_type=\"heading.default\">\n\t\t\t\t<div class=\"elementor-widget-container\">\n\t\t\t\t\t<h2 class=\"elementor-heading-title elementor-size-default\">Tiraholm im Wandel der Zeit<\/h2>\t\t\t\t<\/div>\n\t\t\t\t<\/div>\n\t\t\t\t<div class=\"elementor-element elementor-element-390996d elementor-widget__width-initial elementor-widget elementor-widget-text-editor\" data-id=\"390996d\" data-element_type=\"widget\" data-e-type=\"widget\" data-widget_type=\"text-editor.default\">\n\t\t\t\t<div class=\"elementor-widget-container\">\n\t\t\t\t\t\t\t\t\t<p><em>Tiraholms S\u00e4teri ist ein Bauernhof mit einer langen Geschichte, der auf einer Halbinsel in Bolmen liegt. Heute betreibt die Familie Ekwall in dem See kommerziellen Fischfang. Der Fisch, der hier auf Tiraholm verkauft und serviert wird, wird im See gefangen und in unseren eigenen Anlagen verarbeitet.<\/em><\/p>\n\t\t\t\t\t\t\t\t<\/div>\n\t\t\t\t<\/div>\n\t\t\t\t<\/div>\n\t\t<div class=\"elementor-element elementor-element-2add0f8 e-con-full e-flex e-con e-parent\" data-id=\"2add0f8\" data-element_type=\"container\" data-e-type=\"container\" data-settings=\"{&quot;background_background&quot;:&quot;video&quot;}\">\n\t\t\t\t<div class=\"elementor-element elementor-element-bc27d3c elementor-widget elementor-widget-image\" data-id=\"bc27d3c\" data-element_type=\"widget\" data-e-type=\"widget\" data-widget_type=\"image.default\">\n\t\t\t\t<div class=\"elementor-widget-container\">\n\t\t\t\t\t\t\t\t\t\t\t\t\t\t\t<img fetchpriority=\"high\" decoding=\"async\" width=\"800\" height=\"541\" src=\"https:\/\/tiraholm.se\/wp-content\/uploads\/2023\/03\/hotell-lobby-tiraholm-2sddsflkld-1024x692.png\" class=\"attachment-large size-large wp-image-4805\" alt=\"\" srcset=\"https:\/\/tiraholm.se\/wp-content\/uploads\/2023\/03\/hotell-lobby-tiraholm-2sddsflkld-1024x692.png 1024w, https:\/\/tiraholm.se\/wp-content\/uploads\/2023\/03\/hotell-lobby-tiraholm-2sddsflkld-300x203.png 300w, https:\/\/tiraholm.se\/wp-content\/uploads\/2023\/03\/hotell-lobby-tiraholm-2sddsflkld-768x519.png 768w, https:\/\/tiraholm.se\/wp-content\/uploads\/2023\/03\/hotell-lobby-tiraholm-2sddsflkld.png 1089w\" sizes=\"(max-width: 800px) 100vw, 800px\" \/>\t\t\t\t\t\t\t\t\t\t\t\t\t\t\t<\/div>\n\t\t\t\t<\/div>\n\t\t\t\t<\/div>\n\t\t\t\t\t<\/div>\n\t\t\t\t<\/div>\n\t\t<div class=\"elementor-element elementor-element-c2c4fac e-flex e-con-boxed e-con e-parent\" data-id=\"c2c4fac\" data-element_type=\"container\" data-e-type=\"container\">\n\t\t\t\t\t<div class=\"e-con-inner\">\n\t\t\t\t<div class=\"elementor-element elementor-element-cfaf6b2 elementor-widget elementor-widget-spacer\" data-id=\"cfaf6b2\" data-element_type=\"widget\" data-e-type=\"widget\" data-widget_type=\"spacer.default\">\n\t\t\t\t<div class=\"elementor-widget-container\">\n\t\t\t\t\t\t\t<div class=\"elementor-spacer\">\n\t\t\t<div class=\"elementor-spacer-inner\"><\/div>\n\t\t<\/div>\n\t\t\t\t\t\t<\/div>\n\t\t\t\t<\/div>\n\t\t\t\t\t<\/div>\n\t\t\t\t<\/div>\n\t\t<div class=\"elementor-element elementor-element-be09436 e-flex e-con-boxed e-con e-parent\" data-id=\"be09436\" data-element_type=\"container\" data-e-type=\"container\">\n\t\t\t\t\t<div class=\"e-con-inner\">\n\t\t<div class=\"elementor-element elementor-element-31731c8 e-con-full e-flex e-con e-parent\" data-id=\"31731c8\" data-element_type=\"container\" data-e-type=\"container\">\n\t\t\t\t<div class=\"elementor-element elementor-element-73f05aa elementor-widget elementor-widget-text-editor\" data-id=\"73f05aa\" data-element_type=\"widget\" data-e-type=\"widget\" data-widget_type=\"text-editor.default\">\n\t\t\t\t<div class=\"elementor-widget-container\">\n\t\t\t\t\t\t\t\t\t<p>Der \u00e4lteste Name f\u00fcr das heutige Tiraholm ist Tidhra, der auf das Jahr 1414 zur\u00fcckgeht, als der Gutsherr Peter Gudmunsson der Leiter des Hofes war. Eneroth, Porat und L\u00f6fgren sind weitere ber\u00fchmte Namen, die das Anwesen besa\u00dfen, bevor es 1896 an ein deutsches S\u00e4gewerksunternehmen verkauft wurde. Im Jahr 1907 wurde Tiraholm von Str\u00f6msn\u00e4s Bruks AB gekauft. Die Legende von Ebbe Skammelson zeugt von dem Geheimnis, das den Hof bereits im 11.<\/p>\n<p><span style=\"color: inherit; font-family: inherit; font-size: 1.75rem; text-align: var(--text-align); background-color: var( --e-global-color-c696dce );\">I EKWALL&#8217;S EIGEN<\/span><\/p>\n<p><span style=\"text-align: var(--text-align); background-color: var( --e-global-color-c696dce );\">In den fr\u00fchen 1920er Jahren erkrankte eine Stockholmerin namens Maja an Tuberkulose und brauchte frische Luft. Es wurden \u00c4rzte konsultiert, und der Rat lautete, dass die Luft in Bolmen sauber und gesund sei. So kaufte ihr Mann Per Ekwall 1928 Tiraholm. Das Ehepaar hatte vier Kinder, darunter den Sohn Gustaf, der zusammen mit seiner Frau Theresia zwanzig Jahre sp\u00e4ter Eigent\u00fcmer des Bauernhofs am Strand von Bolmen wurde.<\/span><\/p>\n<p><span style=\"color: inherit; font-family: inherit; font-size: 1.75rem; text-align: var(--text-align); background-color: var( --e-global-color-c696dce );\">\u00dcBER FISH<\/span><\/p>\n<p><span style=\"text-align: var(--text-align); background-color: var( --e-global-color-c696dce );\">Gustaf und Theresia betrieben konventionelle Landwirtschaft mit Milchproduktion und Fischfang als Nebenbesch\u00e4ftigungen. Ende der 1950er Jahre begann Gustaf, samstags auf den Marktplatz von Ljungby zu fahren, um vor allem den beliebten Bolmensik, aber auch Hecht, Aal, Barsch und andere Fische aus dem See zu verkaufen. Das zus\u00e4tzliche Einkommen aus dem See war sicherlich willkommen, denn Gustaf und seine Frau Theresia waren inzwischen Eltern von sechs Kindern.<\/span><\/p>\n<p><span style=\"text-align: var(--text-align); background-color: var( --e-global-color-c696dce );\">Der kleine Junge in dieser Geschwistergruppe hei\u00dft Nisse. Zusammen mit seiner Frau Vicky bewirtschaftet er den Hof seit dem Fr\u00fchjahr 1981, wobei die Fischerei seine Hauptbesch\u00e4ftigung ist. Sein Cousin Hugo, ein Fischer im M\u00e4larsee, war eine wichtige Hilfe bei der Einf\u00fchrung der professionellen Fischerei mit Grundnetzen. Die Grundschleppnetzfischerei ist eine nachhaltige Fischereimethode, bei der die Fangger\u00e4te die ganze Saison \u00fcber im See belassen werden k\u00f6nnen. Sie werden in regelm\u00e4\u00dfigen Abst\u00e4nden geleert und fangen die Fische lebend, so dass wertvolle und unterma\u00dfige Fische unversehrt in den See zur\u00fcckgesetzt werden k\u00f6nnen.<\/span><\/p>\n<p><span style=\"text-align: var(--text-align); background-color: var( --e-global-color-c696dce );\">Mit der \u00dcbernahme des Betriebs wurde auch eine Regenbogenforellenzucht eingerichtet. St\u00e4ndig wurden Verarbeitungsanlagen renoviert, R\u00e4ucherkammern gebaut und umgebaut, Boote gekauft und ersetzt.<\/span><\/p>\n<p><span style=\"color: inherit; font-family: inherit; font-size: 1.75rem; text-align: var(--text-align); background-color: var( --e-global-color-c696dce );\">HOFLADEN UND RESTAURANT<\/span><\/p>\n<p><span style=\"text-align: var(--text-align); background-color: var( --e-global-color-c696dce );\">Als Vicky und Nisse sich als Fischz\u00fcchter immer wohler f\u00fchlten und inzwischen Kinder, Jens, Malin und Jonas, hatten, konnten sie 1988 einen der ersten Hofl\u00e4den Schwedens er\u00f6ffnen. Der Laden verkaufte ger\u00e4ucherten, gegrillten, filetierten und frischen Fisch aus Bolmen, lange bevor das Wort &#8222;lokal erzeugte Lebensmittel&#8220; \u00fcberhaupt in den Sinn kam.<\/span><\/p>\n<p><span style=\"text-align: var(--text-align); background-color: var( --e-global-color-c696dce );\">Das Gesch\u00e4ft wurde popul\u00e4r, und um das Angebot zu erweitern, begann das Paar mit Pasteten und Burgern zu experimentieren. Der Schritt zu einer kleinen Gastronomie war nicht weit, die Schwelle wurde renoviert und 1998 \u00f6ffneten sich die T\u00fcren zu Tiraholms Fischrestaurant. Das Restaurant ist wahrscheinlich das einzige reine Seefisch-Restaurant in Schweden, das ganz auf den lokalen Geschmack ausgerichtet ist. Hecht, Hecht, Aal und Regenbogenforelle werden auf Bestellung zubereitet.<\/span><\/p><\/p>\n\t\t\t\t\t\t\t\t<\/div>\n\t\t\t\t<\/div>\n\t\t\t\t<\/div>\n\t\t<div class=\"elementor-element elementor-element-b15eb67 e-con-full e-flex e-con e-parent\" data-id=\"b15eb67\" data-element_type=\"container\" data-e-type=\"container\">\n\t\t\t\t<div class=\"elementor-element elementor-element-ba83834 elementor-widget elementor-widget-text-editor\" data-id=\"ba83834\" data-element_type=\"widget\" data-e-type=\"widget\" data-widget_type=\"text-editor.default\">\n\t\t\t\t<div class=\"elementor-widget-container\">\n\t\t\t\t\t\t\t\t\t<p>Im Jahr 2006 wurde der Bedarf an einem kleinen Partyraum auf Bolmen erkannt, und nachdem der Sturm Gudrun gro\u00dfe Teile des Waldes auf dem Hof abgeholzt hatte, wurde das Sturmholz zers\u00e4gt und w\u00e4hrend des Winters eine Kneipe und ein Eiscaf\u00e9 aus dem Holz gebaut.<\/p>\n<p>Der Besucherdruck nahm weiter zu, und 2010 wurde das Restaurant erweitert, nachdem die Kinder Jens, Malin und Jonas \u00fcberlegt hatten, sich in Zukunft im elterlichen Betrieb zu engagieren, was die Entscheidung erleichterte, die Restaurantkapazit\u00e4t von ehemals 40 Pl\u00e4tzen im Innenbereich auf heute mehr als 100 zu erh\u00f6hen. Im Jahr 2012 wurde der erste Weihnachtstisch in Tiraholm serviert, der sehr gut ankam. Mit handwerklichem Geschick und Einfallsreichtum bieten wir heute etwa 40 Gerichte mit Fisch aus dem See und eine schmackhafte Auswahl an Wildfleisch aus den W\u00e4ldern der Umgebung an.<\/p>\n<p><\/p>\n<h3>HOTEL, KONFERENZ UND FORSCHUNG<\/h3>\n<p>Im Fr\u00fchsommer 2018 wurde das Hotel in Tiraholm fertiggestellt. In flei\u00dfiger und feinf\u00fchliger Arbeit haben lokale Handwerker unser rotes Hotelgeb\u00e4ude mit vom Wasser inspirierten Zimmern und Konferenzeinrichtungen geschaffen. Die \u00dcbernachtung auf dem Bauernhof bedeutet nat\u00fcrlich ein komplettes Erlebnis hier an den Ufern des Bolmen. Mit gro\u00dfer Begeisterung begr\u00fc\u00dfen wir G\u00e4ste aus nah und fern. Wir sind auch sehr stolz darauf, dass \u00f6rtliche Unternehmen und Organisationen ihre wichtigen Sitzungen abhalten und ihre Kunden und Partner in unserer &#8222;sm\u00e5l\u00e4ndischen Umgebung&#8220; empfangen.<\/p>\n<p>Die Anlage bildet auch die Grundlage f\u00fcr das Bildungsprojekt &#8222;T\u00e4nkH2O&#8220;, das Sydvatten seit einiger Zeit in Bolmen f\u00fcr Sch\u00fcler der Sekundarstufe durchf\u00fchrt. Junge Menschen aus Sk\u00e5ne kommen nach Bolmen, um auf interdisziplin\u00e4re Weise etwas \u00fcber unser wichtigstes Lebensmittel, das Wasser, zu lernen. Wir sehen auch, dass die enge Zusammenarbeit mit der Forschungsstation, die sich seit einiger Zeit auf dem Hof befindet und von Sydvatten AB betrieben wird, Tiraholm und Bolmen zu einem Zentrum f\u00fcr Wasser- und Seefischfragen in S\u00fcdschweden macht.<\/p>\n<p>Im Laufe der Jahre wurden wir f\u00fcr unser Unternehmertum, unser umweltbewusstes Denken und unser Engagement f\u00fcr die Gemeinschaft nominiert und erhielten zahlreiche Auszeichnungen. Tiraholms Fisk befindet sich im Besitz und unter der Leitung der Familie Ekwall. Wir haben gute Hilfe von einigen ganzj\u00e4hrig Besch\u00e4ftigten und einer netten Gruppe von mehr als 35 Saisonarbeitern aus der Nachbarschaft.<\/p>\n<p>Wir hoffen, dass Sie eine tolle Zeit auf Tiraholm haben, und z\u00f6gern Sie nicht, uns zu fragen, wenn Sie irgendwelche Fragen haben!<\/p>\n<p>Ein herzliches Willkommen bei der Familie Ekwall und ihren freundlichen Mitarbeitern<\/p>\t\t\t\t\t\t\t\t<\/div>\n\t\t\t\t<\/div>\n\t\t\t\t<\/div>\n\t\t\t\t\t<\/div>\n\t\t\t\t<\/div>\n\t\t\t\t<\/div>\n\t\t","protected":false},"excerpt":{"rendered":"<p>Tiraholm im Wandel der Zeit Tiraholms S\u00e4teri ist ein Bauernhof mit einer langen Geschichte, der auf einer Halbinsel in Bolmen liegt. Heute betreibt die Familie Ekwall in dem See kommerziellen [&hellip;]<\/p>\n","protected":false},"author":3,"featured_media":0,"parent":0,"menu_order":0,"comment_status":"closed","ping_status":"closed","template":"","meta":{"_acf_changed":false,"inline_featured_image":false,"footnotes":""},"class_list":["post-4801","page","type-page","status-publish","hentry"],"acf":[],"yoast_head":"<!-- This site is optimized with the Yoast SEO plugin v27.4 - https:\/\/yoast.com\/product\/yoast-seo-wordpress\/ -->\n<title>Tiraholm im Wandel der Zeit - Tiraholms fisk<\/title>\n<meta name=\"robots\" content=\"index, follow, max-snippet:-1, max-image-preview:large, max-video-preview:-1\" \/>\n<link rel=\"canonical\" href=\"https:\/\/tiraholm.se\/de\/tiraholm-im-wandel-der-zeit\/\" \/>\n<meta property=\"og:locale\" content=\"de_DE\" \/>\n<meta property=\"og:type\" content=\"article\" \/>\n<meta property=\"og:title\" content=\"Tiraholm im Wandel der Zeit - Tiraholms fisk\" \/>\n<meta property=\"og:description\" content=\"Tiraholm im Wandel der Zeit Tiraholms S\u00e4teri ist ein Bauernhof mit einer langen Geschichte, der auf einer Halbinsel in Bolmen liegt. Heute betreibt die Familie Ekwall in dem See kommerziellen [&hellip;]\" \/>\n<meta property=\"og:url\" content=\"https:\/\/tiraholm.se\/de\/tiraholm-im-wandel-der-zeit\/\" \/>\n<meta property=\"og:site_name\" content=\"Tiraholms fisk\" \/>\n<meta property=\"article:publisher\" content=\"https:\/\/www.facebook.com\/tiraholm\/?locale=sv_SE\" \/>\n<meta property=\"article:modified_time\" content=\"2023-10-13T09:32:55+00:00\" \/>\n<meta property=\"og:image\" content=\"https:\/\/tiraholm.se\/wp-content\/uploads\/2023\/03\/hotell-lobby-tiraholm-2sddsflkld-1024x692.png\" \/>\n<meta name=\"twitter:card\" content=\"summary_large_image\" \/>\n<meta name=\"twitter:label1\" content=\"Gesch\u00e4tzte Lesezeit\" \/>\n\t<meta name=\"twitter:data1\" content=\"5\u00a0Minuten\" \/>\n<script type=\"application\/ld+json\" class=\"yoast-schema-graph\">{\"@context\":\"https:\\\/\\\/schema.org\",\"@graph\":[{\"@type\":\"WebPage\",\"@id\":\"https:\\\/\\\/tiraholm.se\\\/de\\\/tiraholm-im-wandel-der-zeit\\\/\",\"url\":\"https:\\\/\\\/tiraholm.se\\\/de\\\/tiraholm-im-wandel-der-zeit\\\/\",\"name\":\"Tiraholm im Wandel der Zeit - Tiraholms fisk\",\"isPartOf\":{\"@id\":\"https:\\\/\\\/tiraholm.se\\\/de\\\/#website\"},\"primaryImageOfPage\":{\"@id\":\"https:\\\/\\\/tiraholm.se\\\/de\\\/tiraholm-im-wandel-der-zeit\\\/#primaryimage\"},\"image\":{\"@id\":\"https:\\\/\\\/tiraholm.se\\\/de\\\/tiraholm-im-wandel-der-zeit\\\/#primaryimage\"},\"thumbnailUrl\":\"https:\\\/\\\/tiraholm.se\\\/wp-content\\\/uploads\\\/2023\\\/03\\\/hotell-lobby-tiraholm-2sddsflkld-1024x692.png\",\"datePublished\":\"2023-02-25T13:36:35+00:00\",\"dateModified\":\"2023-10-13T09:32:55+00:00\",\"breadcrumb\":{\"@id\":\"https:\\\/\\\/tiraholm.se\\\/de\\\/tiraholm-im-wandel-der-zeit\\\/#breadcrumb\"},\"inLanguage\":\"de\",\"potentialAction\":[{\"@type\":\"ReadAction\",\"target\":[\"https:\\\/\\\/tiraholm.se\\\/de\\\/tiraholm-im-wandel-der-zeit\\\/\"]}]},{\"@type\":\"ImageObject\",\"inLanguage\":\"de\",\"@id\":\"https:\\\/\\\/tiraholm.se\\\/de\\\/tiraholm-im-wandel-der-zeit\\\/#primaryimage\",\"url\":\"https:\\\/\\\/tiraholm.se\\\/wp-content\\\/uploads\\\/2023\\\/03\\\/hotell-lobby-tiraholm-2sddsflkld-1024x692.png\",\"contentUrl\":\"https:\\\/\\\/tiraholm.se\\\/wp-content\\\/uploads\\\/2023\\\/03\\\/hotell-lobby-tiraholm-2sddsflkld-1024x692.png\"},{\"@type\":\"BreadcrumbList\",\"@id\":\"https:\\\/\\\/tiraholm.se\\\/de\\\/tiraholm-im-wandel-der-zeit\\\/#breadcrumb\",\"itemListElement\":[{\"@type\":\"ListItem\",\"position\":1,\"name\":\"Home\",\"item\":\"https:\\\/\\\/tiraholm.se\\\/de\\\/tiraholm-fisch\\\/\"},{\"@type\":\"ListItem\",\"position\":2,\"name\":\"Tiraholm im Wandel der Zeit\"}]},{\"@type\":\"WebSite\",\"@id\":\"https:\\\/\\\/tiraholm.se\\\/de\\\/#website\",\"url\":\"https:\\\/\\\/tiraholm.se\\\/de\\\/\",\"name\":\"Tiraholms fisk\",\"description\":\"G\u00e5rdsbutik - Hotell - Restaurang - Konferens\",\"publisher\":{\"@id\":\"https:\\\/\\\/tiraholm.se\\\/de\\\/#organization\"},\"potentialAction\":[{\"@type\":\"SearchAction\",\"target\":{\"@type\":\"EntryPoint\",\"urlTemplate\":\"https:\\\/\\\/tiraholm.se\\\/de\\\/?s={search_term_string}\"},\"query-input\":{\"@type\":\"PropertyValueSpecification\",\"valueRequired\":true,\"valueName\":\"search_term_string\"}}],\"inLanguage\":\"de\"},{\"@type\":\"Organization\",\"@id\":\"https:\\\/\\\/tiraholm.se\\\/de\\\/#organization\",\"name\":\"Tiraholms fisk\",\"url\":\"https:\\\/\\\/tiraholm.se\\\/de\\\/\",\"logo\":{\"@type\":\"ImageObject\",\"inLanguage\":\"de\",\"@id\":\"https:\\\/\\\/tiraholm.se\\\/de\\\/#\\\/schema\\\/logo\\\/image\\\/\",\"url\":\"https:\\\/\\\/tiraholm.se\\\/wp-content\\\/uploads\\\/2022\\\/11\\\/logo01.png\",\"contentUrl\":\"https:\\\/\\\/tiraholm.se\\\/wp-content\\\/uploads\\\/2022\\\/11\\\/logo01.png\",\"width\":903,\"height\":626,\"caption\":\"Tiraholms fisk\"},\"image\":{\"@id\":\"https:\\\/\\\/tiraholm.se\\\/de\\\/#\\\/schema\\\/logo\\\/image\\\/\"},\"sameAs\":[\"https:\\\/\\\/www.facebook.com\\\/tiraholm\\\/?locale=sv_SE\"]}]}<\/script>\n<!-- \/ Yoast SEO plugin. -->","yoast_head_json":{"title":"Tiraholm im Wandel der Zeit - Tiraholms fisk","robots":{"index":"index","follow":"follow","max-snippet":"max-snippet:-1","max-image-preview":"max-image-preview:large","max-video-preview":"max-video-preview:-1"},"canonical":"https:\/\/tiraholm.se\/de\/tiraholm-im-wandel-der-zeit\/","og_locale":"de_DE","og_type":"article","og_title":"Tiraholm im Wandel der Zeit - Tiraholms fisk","og_description":"Tiraholm im Wandel der Zeit Tiraholms S\u00e4teri ist ein Bauernhof mit einer langen Geschichte, der auf einer Halbinsel in Bolmen liegt. Heute betreibt die Familie Ekwall in dem See kommerziellen [&hellip;]","og_url":"https:\/\/tiraholm.se\/de\/tiraholm-im-wandel-der-zeit\/","og_site_name":"Tiraholms fisk","article_publisher":"https:\/\/www.facebook.com\/tiraholm\/?locale=sv_SE","article_modified_time":"2023-10-13T09:32:55+00:00","og_image":[{"url":"https:\/\/tiraholm.se\/wp-content\/uploads\/2023\/03\/hotell-lobby-tiraholm-2sddsflkld-1024x692.png","type":"","width":"","height":""}],"twitter_card":"summary_large_image","twitter_misc":{"Gesch\u00e4tzte Lesezeit":"5\u00a0Minuten"},"schema":{"@context":"https:\/\/schema.org","@graph":[{"@type":"WebPage","@id":"https:\/\/tiraholm.se\/de\/tiraholm-im-wandel-der-zeit\/","url":"https:\/\/tiraholm.se\/de\/tiraholm-im-wandel-der-zeit\/","name":"Tiraholm im Wandel der Zeit - Tiraholms fisk","isPartOf":{"@id":"https:\/\/tiraholm.se\/de\/#website"},"primaryImageOfPage":{"@id":"https:\/\/tiraholm.se\/de\/tiraholm-im-wandel-der-zeit\/#primaryimage"},"image":{"@id":"https:\/\/tiraholm.se\/de\/tiraholm-im-wandel-der-zeit\/#primaryimage"},"thumbnailUrl":"https:\/\/tiraholm.se\/wp-content\/uploads\/2023\/03\/hotell-lobby-tiraholm-2sddsflkld-1024x692.png","datePublished":"2023-02-25T13:36:35+00:00","dateModified":"2023-10-13T09:32:55+00:00","breadcrumb":{"@id":"https:\/\/tiraholm.se\/de\/tiraholm-im-wandel-der-zeit\/#breadcrumb"},"inLanguage":"de","potentialAction":[{"@type":"ReadAction","target":["https:\/\/tiraholm.se\/de\/tiraholm-im-wandel-der-zeit\/"]}]},{"@type":"ImageObject","inLanguage":"de","@id":"https:\/\/tiraholm.se\/de\/tiraholm-im-wandel-der-zeit\/#primaryimage","url":"https:\/\/tiraholm.se\/wp-content\/uploads\/2023\/03\/hotell-lobby-tiraholm-2sddsflkld-1024x692.png","contentUrl":"https:\/\/tiraholm.se\/wp-content\/uploads\/2023\/03\/hotell-lobby-tiraholm-2sddsflkld-1024x692.png"},{"@type":"BreadcrumbList","@id":"https:\/\/tiraholm.se\/de\/tiraholm-im-wandel-der-zeit\/#breadcrumb","itemListElement":[{"@type":"ListItem","position":1,"name":"Home","item":"https:\/\/tiraholm.se\/de\/tiraholm-fisch\/"},{"@type":"ListItem","position":2,"name":"Tiraholm im Wandel der Zeit"}]},{"@type":"WebSite","@id":"https:\/\/tiraholm.se\/de\/#website","url":"https:\/\/tiraholm.se\/de\/","name":"Tiraholms fisk","description":"G\u00e5rdsbutik - Hotell - Restaurang - Konferens","publisher":{"@id":"https:\/\/tiraholm.se\/de\/#organization"},"potentialAction":[{"@type":"SearchAction","target":{"@type":"EntryPoint","urlTemplate":"https:\/\/tiraholm.se\/de\/?s={search_term_string}"},"query-input":{"@type":"PropertyValueSpecification","valueRequired":true,"valueName":"search_term_string"}}],"inLanguage":"de"},{"@type":"Organization","@id":"https:\/\/tiraholm.se\/de\/#organization","name":"Tiraholms fisk","url":"https:\/\/tiraholm.se\/de\/","logo":{"@type":"ImageObject","inLanguage":"de","@id":"https:\/\/tiraholm.se\/de\/#\/schema\/logo\/image\/","url":"https:\/\/tiraholm.se\/wp-content\/uploads\/2022\/11\/logo01.png","contentUrl":"https:\/\/tiraholm.se\/wp-content\/uploads\/2022\/11\/logo01.png","width":903,"height":626,"caption":"Tiraholms fisk"},"image":{"@id":"https:\/\/tiraholm.se\/de\/#\/schema\/logo\/image\/"},"sameAs":["https:\/\/www.facebook.com\/tiraholm\/?locale=sv_SE"]}]}},"_links":{"self":[{"href":"https:\/\/tiraholm.se\/de\/wp-json\/wp\/v2\/pages\/4801","targetHints":{"allow":["GET"]}}],"collection":[{"href":"https:\/\/tiraholm.se\/de\/wp-json\/wp\/v2\/pages"}],"about":[{"href":"https:\/\/tiraholm.se\/de\/wp-json\/wp\/v2\/types\/page"}],"author":[{"embeddable":true,"href":"https:\/\/tiraholm.se\/de\/wp-json\/wp\/v2\/users\/3"}],"replies":[{"embeddable":true,"href":"https:\/\/tiraholm.se\/de\/wp-json\/wp\/v2\/comments?post=4801"}],"version-history":[{"count":0,"href":"https:\/\/tiraholm.se\/de\/wp-json\/wp\/v2\/pages\/4801\/revisions"}],"wp:attachment":[{"href":"https:\/\/tiraholm.se\/de\/wp-json\/wp\/v2\/media?parent=4801"}],"curies":[{"name":"wp","href":"https:\/\/api.w.org\/{rel}","templated":true}]}}