{"id":4723,"date":"2023-03-03T08:50:24","date_gmt":"2023-03-03T08:50:24","guid":{"rendered":"https:\/\/tiraholm.se\/ganz-nah-dran\/"},"modified":"2024-12-19T12:40:33","modified_gmt":"2024-12-19T12:40:33","slug":"ganz-nah-dran","status":"publish","type":"page","link":"https:\/\/tiraholm.se\/de\/ganz-nah-dran\/","title":{"rendered":"Ganz nah dran"},"content":{"rendered":"\t\t<div data-elementor-type=\"wp-page\" data-elementor-id=\"4723\" class=\"elementor elementor-4723 elementor-2405\" data-elementor-post-type=\"page\">\n\t\t\t\t<div class=\"elementor-element elementor-element-49200df1 e-flex e-con-boxed e-con e-parent\" data-id=\"49200df1\" data-element_type=\"container\" data-e-type=\"container\" data-settings=\"{&quot;background_background&quot;:&quot;classic&quot;,&quot;shape_divider_bottom&quot;:&quot;wave-brush&quot;}\">\n\t\t\t\t\t<div class=\"e-con-inner\">\n\t\t\t\t<div class=\"elementor-shape elementor-shape-bottom\" aria-hidden=\"true\" data-negative=\"false\">\n\t\t\t<svg xmlns=\"http:\/\/www.w3.org\/2000\/svg\" viewBox=\"0 0 283.5 27.8\" preserveAspectRatio=\"none\">\n\t<path class=\"elementor-shape-fill\" d=\"M283.5,9.7c0,0-7.3,4.3-14,4.6c-6.8,0.3-12.6,0-20.9-1.5c-11.3-2-33.1-10.1-44.7-5.7\ts-12.1,4.6-18,7.4c-6.6,3.2-20,9.6-36.6,9.3C131.6,23.5,99.5,7.2,86.3,8c-1.4,0.1-6.6,0.8-10.5,2c-3.8,1.2-9.4,3.8-17,4.7\tc-3.2,0.4-8.3,1.1-14.2,0.9c-1.5-0.1-6.3-0.4-12-1.6c-5.7-1.2-11-3.1-15.8-3.7C6.5,9.2,0,10.8,0,10.8V0h283.5V9.7z M260.8,11.3\tc-0.7-1-2-0.4-4.3-0.4c-2.3,0-6.1-1.2-5.8-1.1c0.3,0.1,3.1,1.5,6,1.9C259.7,12.2,261.4,12.3,260.8,11.3z M242.4,8.6\tc0,0-2.4-0.2-5.6-0.9c-3.2-0.8-10.3-2.8-15.1-3.5c-8.2-1.1-15.8,0-15.1,0.1c0.8,0.1,9.6-0.6,17.6,1.1c3.3,0.7,9.3,2.2,12.4,2.7\tC239.9,8.7,242.4,8.6,242.4,8.6z M185.2,8.5c1.7-0.7-13.3,4.7-18.5,6.1c-2.1,0.6-6.2,1.6-10,2c-3.9,0.4-8.9,0.4-8.8,0.5\tc0,0.2,5.8,0.8,11.2,0c5.4-0.8,5.2-1.1,7.6-1.6C170.5,14.7,183.5,9.2,185.2,8.5z M199.1,6.9c0.2,0-0.8-0.4-4.8,1.1\tc-4,1.5-6.7,3.5-6.9,3.7c-0.2,0.1,3.5-1.8,6.6-3C197,7.5,199,6.9,199.1,6.9z M283,6c-0.1,0.1-1.9,1.1-4.8,2.5s-6.9,2.8-6.7,2.7\tc0.2,0,3.5-0.6,7.4-2.5C282.8,6.8,283.1,5.9,283,6z M31.3,11.6c0.1-0.2-1.9-0.2-4.5-1.2s-5.4-1.6-7.8-2C15,7.6,7.3,8.5,7.7,8.6\tC8,8.7,15.9,8.3,20.2,9.3c2.2,0.5,2.4,0.5,5.7,1.6S31.2,11.9,31.3,11.6z M73,9.2c0.4-0.1,3.5-1.6,8.4-2.6c4.9-1.1,8.9-0.5,8.9-0.8\tc0-0.3-1-0.9-6.2-0.3S72.6,9.3,73,9.2z M71.6,6.7C71.8,6.8,75,5.4,77.3,5c2.3-0.3,1.9-0.5,1.9-0.6c0-0.1-1.1-0.2-2.7,0.2\tC74.8,5.1,71.4,6.6,71.6,6.7z M93.6,4.4c0.1,0.2,3.5,0.8,5.6,1.8c2.1,1,1.8,0.6,1.9,0.5c0.1-0.1-0.8-0.8-2.4-1.3\tC97.1,4.8,93.5,4.2,93.6,4.4z M65.4,11.1c-0.1,0.3,0.3,0.5,1.9-0.2s2.6-1.3,2.2-1.2s-0.9,0.4-2.5,0.8C65.3,10.9,65.5,10.8,65.4,11.1\tz M34.5,12.4c-0.2,0,2.1,0.8,3.3,0.9c1.2,0.1,2,0.1,2-0.2c0-0.3-0.1-0.5-1.6-0.4C36.6,12.8,34.7,12.4,34.5,12.4z M152.2,21.1\tc-0.1,0.1-2.4-0.3-7.5-0.3c-5,0-13.6-2.4-17.2-3.5c-3.6-1.1,10,3.9,16.5,4.1C150.5,21.6,152.3,21,152.2,21.1z\"\/>\n\t<path class=\"elementor-shape-fill\" d=\"M269.6,18c-0.1-0.1-4.6,0.3-7.2,0c-7.3-0.7-17-3.2-16.6-2.9c0.4,0.3,13.7,3.1,17,3.3\tC267.7,18.8,269.7,18,269.6,18z\"\/>\n\t<path class=\"elementor-shape-fill\" d=\"M227.4,9.8c-0.2-0.1-4.5-1-9.5-1.2c-5-0.2-12.7,0.6-12.3,0.5c0.3-0.1,5.9-1.8,13.3-1.2\tS227.6,9.9,227.4,9.8z\"\/>\n\t<path class=\"elementor-shape-fill\" d=\"M204.5,13.4c-0.1-0.1,2-1,3.2-1.1c1.2-0.1,2,0,2,0.3c0,0.3-0.1,0.5-1.6,0.4\tC206.4,12.9,204.6,13.5,204.5,13.4z\"\/>\n\t<path class=\"elementor-shape-fill\" d=\"M201,10.6c0-0.1-4.4,1.2-6.3,2.2c-1.9,0.9-6.2,3.1-6.1,3.1c0.1,0.1,4.2-1.6,6.3-2.6\tS201,10.7,201,10.6z\"\/>\n\t<path class=\"elementor-shape-fill\" d=\"M154.5,26.7c-0.1-0.1-4.6,0.3-7.2,0c-7.3-0.7-17-3.2-16.6-2.9c0.4,0.3,13.7,3.1,17,3.3\tC152.6,27.5,154.6,26.8,154.5,26.7z\"\/>\n\t<path class=\"elementor-shape-fill\" d=\"M41.9,19.3c0,0,1.2-0.3,2.9-0.1c1.7,0.2,5.8,0.9,8.2,0.7c4.2-0.4,7.4-2.7,7-2.6\tc-0.4,0-4.3,2.2-8.6,1.9c-1.8-0.1-5.1-0.5-6.7-0.4S41.9,19.3,41.9,19.3z\"\/>\n\t<path class=\"elementor-shape-fill\" d=\"M75.5,12.6c0.2,0.1,2-0.8,4.3-1.1c2.3-0.2,2.1-0.3,2.1-0.5c0-0.1-1.8-0.4-3.4,0\tC76.9,11.5,75.3,12.5,75.5,12.6z\"\/>\n\t<path class=\"elementor-shape-fill\" d=\"M15.6,13.2c0-0.1,4.3,0,6.7,0.5c2.4,0.5,5,1.9,5,2c0,0.1-2.7-0.8-5.1-1.4\tC19.9,13.7,15.7,13.3,15.6,13.2z\"\/>\n<\/svg>\t\t<\/div>\n\t\t\t\t<div class=\"elementor-element elementor-element-f965cbf elementor-widget__width-initial elementor-widget elementor-widget-image\" data-id=\"f965cbf\" data-element_type=\"widget\" data-e-type=\"widget\" data-widget_type=\"image.default\">\n\t\t\t\t<div class=\"elementor-widget-container\">\n\t\t\t\t\t\t\t\t\t\t\t\t\t\t\t<img fetchpriority=\"high\" decoding=\"async\" width=\"800\" height=\"400\" src=\"https:\/\/tiraholm.se\/wp-content\/uploads\/2023\/03\/nara-pa-riktigt-1024x512.png\" class=\"attachment-large size-large wp-image-4727\" alt=\"\" srcset=\"https:\/\/tiraholm.se\/wp-content\/uploads\/2023\/03\/nara-pa-riktigt-1024x512.png 1024w, https:\/\/tiraholm.se\/wp-content\/uploads\/2023\/03\/nara-pa-riktigt-300x150.png 300w, https:\/\/tiraholm.se\/wp-content\/uploads\/2023\/03\/nara-pa-riktigt-768x384.png 768w, https:\/\/tiraholm.se\/wp-content\/uploads\/2023\/03\/nara-pa-riktigt-1536x768.png 1536w, https:\/\/tiraholm.se\/wp-content\/uploads\/2023\/03\/nara-pa-riktigt-2048x1024.png 2048w\" sizes=\"(max-width: 800px) 100vw, 800px\" \/>\t\t\t\t\t\t\t\t\t\t\t\t\t\t\t<\/div>\n\t\t\t\t<\/div>\n\t\t\t\t<div class=\"elementor-element elementor-element-5aefeec elementor-widget elementor-widget-heading\" data-id=\"5aefeec\" data-element_type=\"widget\" data-e-type=\"widget\" data-widget_type=\"heading.default\">\n\t\t\t\t<div class=\"elementor-widget-container\">\n\t\t\t\t\t<h3 class=\"elementor-heading-title elementor-size-default\">Unsere Umweltarbeit<\/h3>\t\t\t\t<\/div>\n\t\t\t\t<\/div>\n\t\t\t\t\t<\/div>\n\t\t\t\t<\/div>\n\t\t<div class=\"elementor-element elementor-element-d2372dc e-flex e-con-boxed e-con e-parent\" data-id=\"d2372dc\" data-element_type=\"container\" data-e-type=\"container\">\n\t\t\t\t\t<div class=\"e-con-inner\">\n\t\t\t\t<div class=\"elementor-element elementor-element-fc030f3 elementor-widget elementor-widget-text-editor\" data-id=\"fc030f3\" data-element_type=\"widget\" data-e-type=\"widget\" data-widget_type=\"text-editor.default\">\n\t\t\t\t<div class=\"elementor-widget-container\">\n\t\t\t\t\t\t\t\t\t<p><strong>Klimafreundlich, zirkul\u00e4r, regional, verj\u00fcngend, lebendige Landschaften und nicht zuletzt nachhaltig \u2013 diese Begriffe sind im 21. Jahrhundert unverzichtbar und sollten auf jeder Zunge liegen. Diese Konzepte sind seit fast 40 Jahren, ja sogar noch l\u00e4nger, Leitprinzipien f\u00fcr das Unternehmen Tiraholms Fisk \u2013 oder besser gesagt, sie sind eine Selbstverst\u00e4ndlichkeit. Lassen Sie uns erz\u00e4hlen.<\/strong><\/p><div class=\"flex-1 overflow-hidden @container\/thread\"><div class=\"h-full\"><div class=\"react-scroll-to-bottom--css-utaby-79elbk h-full\"><div class=\"react-scroll-to-bottom--css-utaby-1n7m0yu\"><div class=\"flex flex-col text-sm md:pb-9\"><article class=\"w-full scroll-mb-[var(--thread-trailing-height,150px)] text-token-text-primary focus-visible:outline-2 focus-visible:outline-offset-[-4px]\" dir=\"auto\" data-testid=\"conversation-turn-5\" data-scroll-anchor=\"true\"><div class=\"m-auto text-base py-[18px] px-3 md:px-4 w-full md:px-5 lg:px-4 xl:px-5\"><div class=\"mx-auto flex flex-1 gap-4 text-base md:gap-5 lg:gap-6 md:max-w-3xl\"><div class=\"group\/conversation-turn relative flex w-full min-w-0 flex-col agent-turn\"><div class=\"flex-col gap-1 md:gap-3\"><div class=\"flex max-w-full flex-col flex-grow\"><div class=\"min-h-8 text-message flex w-full flex-col items-end gap-2 whitespace-normal break-words text-start [.text-message+&amp;]:mt-5\" dir=\"auto\" data-message-author-role=\"assistant\" data-message-id=\"eba864e4-5ddf-496e-a6a8-6f73bbd1b658\" data-message-model-slug=\"gpt-4o-mini\"><div class=\"flex w-full flex-col gap-1 empty:hidden first:pt-[3px]\"><div class=\"markdown prose w-full break-words dark:prose-invert light\"><p>Als sich Vicky und Nisse Anfang der 80er Jahre entschieden, ein Leben auf dem Land zu f\u00fchren und somit mit dem Beruf des Fischens im Bolmensee zu beginnen, gab es keine andere Wahl, als sich auf eine Fischerei zu konzentrieren, die das lokale \u00d6kosystem des Sees nicht gef\u00e4hrdete. Durch den Einsatz von Grundnetzen, die es uns erm\u00f6glichen, lebende Fische zu fangen und so sch\u00fctzenswerte Fische wieder ins Wasser zu setzen, stellen wir sicher, dass die Best\u00e4nde im Bolmensee gut gedeihen. Das bedeutet auch, dass wir immer absolut frischen Fisch haben \u2013 und wir glauben, das werden Sie zu sch\u00e4tzen wissen!<\/p><p>Seit 1981 betreiben wir au\u00dferdem eine kleine Zucht von Regenbogenforellen. Fischzuchten sind oft ein umstrittenes Thema aus vielen Perspektiven. Besonders die Gr\u00f6\u00dfe der Zucht stellt sicher, dass sie die Wasserqualit\u00e4t des Sees nicht beeintr\u00e4chtigt. Durch eine sorgf\u00e4ltige Arbeit mit Futter und Ausr\u00fcstung sorgen wir daf\u00fcr, dass es den Fischen gut geht, was man ihnen auch ansieht, weshalb Antibiotika und andere medizinische Pr\u00e4parate nicht verwendet werden.<\/p><p>In unserem Hofladen, einer der ersten in Schweden, er\u00f6ffnet zu einer Zeit, als Superm\u00e4rkte und Discountern die Selbstverst\u00e4ndlichkeit darstellten, verkaufen wir den Fisch, den wir selbst fangen oder z\u00fcchten und auf dem Hof veredeln. Einfacher geht es nicht. Dasselbe gilt f\u00fcr unser Restaurant, das \u00fcbrigens gr\u00f6\u00dftenteils aus Sturmholz von Gudrun gebaut wurde, das wir selbst ges\u00e4gt haben. Die \u00fcbrigen Zutaten wie Milchprodukte, Eier, Gem\u00fcse, Getr\u00e4nke und Eis kaufen wir so lokal und regional wie m\u00f6glich. Wenn die Zutaten weiter entfernt kommen, setzen wir auf Produktion unter fairen Bedingungen und gerechter Entlohnung f\u00fcr die Arbeiter. In solchen F\u00e4llen verwenden wir die entsprechende Qualit\u00e4tskennzeichnung.<\/p><p>Wir sehen es als eine wichtige Herausforderung, st\u00e4ndig neue Wege zu finden, mehr vom Fisch und der Ernte zu nutzen. Das hat zur Entwicklung von Produkten aus Zanderhaut, Fischhaut, Lachs\u00f6l und der sogenannten \u201eAbfallfisch\u201c wie Rotaugen und Brassen gef\u00fchrt.<\/p><p>Die gesamte Anlage auf Tiraholm wird mit Hackschnitzeln aus dem eigenen FSC-zertifizierten Wald beheizt \u2013 Hackschnitzel sind 100 % erneuerbar und erfordern praktisch keine Transporte. Was die Abw\u00e4sser betrifft, haben wir uns k\u00fcrzlich entschieden, anstatt N\u00e4hrstoffe im Boden durch versteckte Infiltration zu verbergen, das Restwasser in offenen Teichen zu reinigen.<\/p><p>Energiesparende L\u00f6sungen und M\u00fclltrennung geh\u00f6ren zu den Selbstverst\u00e4ndlichkeiten auf dem Hof.<\/p><p>Im Jahr 2019 haben wir mit Hilfe von Klimatklivet eine bedeutende Investition in Ladestationen gemacht \u2013 16 Punkte. Wir m\u00f6chten bereit f\u00fcr die Zukunft sein und nicht nur bewusste G\u00e4ste anziehen, sondern auch sicherstellen, dass sie mit einem guten Gef\u00fchl wieder abreisen. Seit einigen Jahren sind einige der Dachs des Stalles mit Solarpanels bedeckt. Wir produzieren den meisten Strom auf dem Hof, wenn die Sonne am st\u00e4rksten scheint. Aktuell decken wir etwa 20 % unseres Jahresverbrauchs mit selbst erzeugtem Strom \u2013 hier k\u00f6nnen wir noch besser werden, da wir mehr D\u00e4cher zu bedecken haben, und daran arbeiten wir.<\/p><p>Im Laufe der Jahre haben wir etwa 400 junge Menschen f\u00fcr Saisonarbeiten besch\u00e4ftigt, und f\u00fcr viele von ihnen war es der erste Sommerjob. Wir glauben, dass sinnvolle Arbeit sowohl f\u00fcr den Einzelnen als auch f\u00fcr die Region positive Auswirkungen hat. Wir behaupten nicht, dass das unsere Verdienst ist, aber wir stellen fest, dass viele derjenigen, die in ihrer Jugend bei uns gearbeitet haben, nun im Erwachsenenalter in der Region leben, arbeiten und in vielen F\u00e4llen Unternehmen f\u00fchren.<\/p><p>Unsere neu gebaute Hotel- und Konferenzanlage ist, wie alle anderen Investitionen, von lokalen Handwerkern, Lieferanten und Unternehmern gepr\u00e4gt. M\u00f6bel und Materialien wurden sorgf\u00e4ltig mit Blick auf schwedische Produktion und nachhaltige Materialien ausgew\u00e4hlt. In den meisten F\u00e4llen haben wir gute Ergebnisse erzielt.<\/p><p>Wir freuen uns, ein kleiner Teil davon zu sein, dass Sie und Ihr Unternehmen Ihre ambitionierten Nachhaltigkeitsziele erreichen k\u00f6nnen. Wir erz\u00e4hlen gerne mehr dar\u00fcber!<\/p><\/div><\/div><\/div><\/div><div class=\"mb-2 flex gap-3 empty:hidden -ml-2\"><div class=\"items-center justify-start rounded-xl p-1 flex\"><div class=\"flex items-center\">\u00a0<\/div><\/div><\/div><div class=\"pr-2 lg:pr-0\">\u00a0<\/div><div class=\"mt-3 w-full empty:hidden\"><div class=\"text-center\">\u00a0<\/div><\/div><\/div><div class=\"absolute\"><div class=\"flex items-center justify-center\">\u00a0<\/div><\/div><\/div><\/div><\/div><\/article><\/div><\/div><\/div><\/div><\/div><div class=\"md:pt-0 dark:border-white\/20 md:border-transparent md:dark:border-transparent w-full\"><div><div class=\"m-auto text-base px-3 md:px-4 w-full md:px-5 lg:px-4 xl:px-5\"><div class=\"mx-auto flex flex-1 gap-4 text-base md:gap-5 lg:gap-6 md:max-w-3xl\"><div class=\"flex justify-center\">\u00a0<\/div><\/div><\/div><\/div><\/div>\t\t\t\t\t\t\t\t<\/div>\n\t\t\t\t<\/div>\n\t\t\t\t\t<\/div>\n\t\t\t\t<\/div>\n\t\t\t\t<\/div>\n\t\t","protected":false},"excerpt":{"rendered":"<p>Unsere Umweltarbeit Klimafreundlich, zirkul\u00e4r, regional, verj\u00fcngend, lebendige Landschaften und nicht zuletzt nachhaltig \u2013 diese Begriffe sind im 21. Jahrhundert unverzichtbar und sollten auf jeder Zunge liegen. Diese Konzepte sind seit [&hellip;]<\/p>\n","protected":false},"author":3,"featured_media":0,"parent":0,"menu_order":0,"comment_status":"closed","ping_status":"closed","template":"","meta":{"_acf_changed":false,"inline_featured_image":false,"footnotes":""},"class_list":["post-4723","page","type-page","status-publish","hentry"],"acf":[],"yoast_head":"<!-- This site is optimized with the Yoast SEO plugin v27.4 - https:\/\/yoast.com\/product\/yoast-seo-wordpress\/ -->\n<title>Ganz nah dran - Tiraholms fisk<\/title>\n<meta name=\"robots\" content=\"index, follow, max-snippet:-1, max-image-preview:large, max-video-preview:-1\" \/>\n<link rel=\"canonical\" href=\"https:\/\/tiraholm.se\/de\/ganz-nah-dran\/\" \/>\n<meta property=\"og:locale\" content=\"de_DE\" \/>\n<meta property=\"og:type\" content=\"article\" \/>\n<meta property=\"og:title\" content=\"Ganz nah dran - Tiraholms fisk\" \/>\n<meta property=\"og:description\" content=\"Unsere Umweltarbeit Klimafreundlich, zirkul\u00e4r, regional, verj\u00fcngend, lebendige Landschaften und nicht zuletzt nachhaltig \u2013 diese Begriffe sind im 21. Jahrhundert unverzichtbar und sollten auf jeder Zunge liegen. Diese Konzepte sind seit [&hellip;]\" \/>\n<meta property=\"og:url\" content=\"https:\/\/tiraholm.se\/de\/ganz-nah-dran\/\" \/>\n<meta property=\"og:site_name\" content=\"Tiraholms fisk\" \/>\n<meta property=\"article:publisher\" content=\"https:\/\/www.facebook.com\/tiraholm\/?locale=sv_SE\" \/>\n<meta property=\"article:modified_time\" content=\"2024-12-19T12:40:33+00:00\" \/>\n<meta property=\"og:image\" content=\"https:\/\/tiraholm.se\/wp-content\/uploads\/2023\/03\/nara-pa-riktigt-1024x512.png\" \/>\n<meta name=\"twitter:card\" content=\"summary_large_image\" \/>\n<meta name=\"twitter:label1\" content=\"Gesch\u00e4tzte Lesezeit\" \/>\n\t<meta name=\"twitter:data1\" content=\"4\u00a0Minuten\" \/>\n<script type=\"application\/ld+json\" class=\"yoast-schema-graph\">{\"@context\":\"https:\\\/\\\/schema.org\",\"@graph\":[{\"@type\":\"WebPage\",\"@id\":\"https:\\\/\\\/tiraholm.se\\\/de\\\/ganz-nah-dran\\\/\",\"url\":\"https:\\\/\\\/tiraholm.se\\\/de\\\/ganz-nah-dran\\\/\",\"name\":\"Ganz nah dran - Tiraholms fisk\",\"isPartOf\":{\"@id\":\"https:\\\/\\\/tiraholm.se\\\/de\\\/#website\"},\"primaryImageOfPage\":{\"@id\":\"https:\\\/\\\/tiraholm.se\\\/de\\\/ganz-nah-dran\\\/#primaryimage\"},\"image\":{\"@id\":\"https:\\\/\\\/tiraholm.se\\\/de\\\/ganz-nah-dran\\\/#primaryimage\"},\"thumbnailUrl\":\"https:\\\/\\\/tiraholm.se\\\/wp-content\\\/uploads\\\/2023\\\/03\\\/nara-pa-riktigt-1024x512.png\",\"datePublished\":\"2023-03-03T08:50:24+00:00\",\"dateModified\":\"2024-12-19T12:40:33+00:00\",\"breadcrumb\":{\"@id\":\"https:\\\/\\\/tiraholm.se\\\/de\\\/ganz-nah-dran\\\/#breadcrumb\"},\"inLanguage\":\"de\",\"potentialAction\":[{\"@type\":\"ReadAction\",\"target\":[\"https:\\\/\\\/tiraholm.se\\\/de\\\/ganz-nah-dran\\\/\"]}]},{\"@type\":\"ImageObject\",\"inLanguage\":\"de\",\"@id\":\"https:\\\/\\\/tiraholm.se\\\/de\\\/ganz-nah-dran\\\/#primaryimage\",\"url\":\"https:\\\/\\\/tiraholm.se\\\/wp-content\\\/uploads\\\/2023\\\/03\\\/nara-pa-riktigt-1024x512.png\",\"contentUrl\":\"https:\\\/\\\/tiraholm.se\\\/wp-content\\\/uploads\\\/2023\\\/03\\\/nara-pa-riktigt-1024x512.png\"},{\"@type\":\"BreadcrumbList\",\"@id\":\"https:\\\/\\\/tiraholm.se\\\/de\\\/ganz-nah-dran\\\/#breadcrumb\",\"itemListElement\":[{\"@type\":\"ListItem\",\"position\":1,\"name\":\"Home\",\"item\":\"https:\\\/\\\/tiraholm.se\\\/de\\\/tiraholm-fisch\\\/\"},{\"@type\":\"ListItem\",\"position\":2,\"name\":\"Ganz nah dran\"}]},{\"@type\":\"WebSite\",\"@id\":\"https:\\\/\\\/tiraholm.se\\\/de\\\/#website\",\"url\":\"https:\\\/\\\/tiraholm.se\\\/de\\\/\",\"name\":\"Tiraholms fisk\",\"description\":\"G\u00e5rdsbutik - Hotell - Restaurang - Konferens\",\"publisher\":{\"@id\":\"https:\\\/\\\/tiraholm.se\\\/de\\\/#organization\"},\"potentialAction\":[{\"@type\":\"SearchAction\",\"target\":{\"@type\":\"EntryPoint\",\"urlTemplate\":\"https:\\\/\\\/tiraholm.se\\\/de\\\/?s={search_term_string}\"},\"query-input\":{\"@type\":\"PropertyValueSpecification\",\"valueRequired\":true,\"valueName\":\"search_term_string\"}}],\"inLanguage\":\"de\"},{\"@type\":\"Organization\",\"@id\":\"https:\\\/\\\/tiraholm.se\\\/de\\\/#organization\",\"name\":\"Tiraholms fisk\",\"url\":\"https:\\\/\\\/tiraholm.se\\\/de\\\/\",\"logo\":{\"@type\":\"ImageObject\",\"inLanguage\":\"de\",\"@id\":\"https:\\\/\\\/tiraholm.se\\\/de\\\/#\\\/schema\\\/logo\\\/image\\\/\",\"url\":\"https:\\\/\\\/tiraholm.se\\\/wp-content\\\/uploads\\\/2022\\\/11\\\/logo01.png\",\"contentUrl\":\"https:\\\/\\\/tiraholm.se\\\/wp-content\\\/uploads\\\/2022\\\/11\\\/logo01.png\",\"width\":903,\"height\":626,\"caption\":\"Tiraholms fisk\"},\"image\":{\"@id\":\"https:\\\/\\\/tiraholm.se\\\/de\\\/#\\\/schema\\\/logo\\\/image\\\/\"},\"sameAs\":[\"https:\\\/\\\/www.facebook.com\\\/tiraholm\\\/?locale=sv_SE\"]}]}<\/script>\n<!-- \/ Yoast SEO plugin. -->","yoast_head_json":{"title":"Ganz nah dran - Tiraholms fisk","robots":{"index":"index","follow":"follow","max-snippet":"max-snippet:-1","max-image-preview":"max-image-preview:large","max-video-preview":"max-video-preview:-1"},"canonical":"https:\/\/tiraholm.se\/de\/ganz-nah-dran\/","og_locale":"de_DE","og_type":"article","og_title":"Ganz nah dran - Tiraholms fisk","og_description":"Unsere Umweltarbeit Klimafreundlich, zirkul\u00e4r, regional, verj\u00fcngend, lebendige Landschaften und nicht zuletzt nachhaltig \u2013 diese Begriffe sind im 21. Jahrhundert unverzichtbar und sollten auf jeder Zunge liegen. Diese Konzepte sind seit [&hellip;]","og_url":"https:\/\/tiraholm.se\/de\/ganz-nah-dran\/","og_site_name":"Tiraholms fisk","article_publisher":"https:\/\/www.facebook.com\/tiraholm\/?locale=sv_SE","article_modified_time":"2024-12-19T12:40:33+00:00","og_image":[{"url":"https:\/\/tiraholm.se\/wp-content\/uploads\/2023\/03\/nara-pa-riktigt-1024x512.png","type":"","width":"","height":""}],"twitter_card":"summary_large_image","twitter_misc":{"Gesch\u00e4tzte Lesezeit":"4\u00a0Minuten"},"schema":{"@context":"https:\/\/schema.org","@graph":[{"@type":"WebPage","@id":"https:\/\/tiraholm.se\/de\/ganz-nah-dran\/","url":"https:\/\/tiraholm.se\/de\/ganz-nah-dran\/","name":"Ganz nah dran - Tiraholms fisk","isPartOf":{"@id":"https:\/\/tiraholm.se\/de\/#website"},"primaryImageOfPage":{"@id":"https:\/\/tiraholm.se\/de\/ganz-nah-dran\/#primaryimage"},"image":{"@id":"https:\/\/tiraholm.se\/de\/ganz-nah-dran\/#primaryimage"},"thumbnailUrl":"https:\/\/tiraholm.se\/wp-content\/uploads\/2023\/03\/nara-pa-riktigt-1024x512.png","datePublished":"2023-03-03T08:50:24+00:00","dateModified":"2024-12-19T12:40:33+00:00","breadcrumb":{"@id":"https:\/\/tiraholm.se\/de\/ganz-nah-dran\/#breadcrumb"},"inLanguage":"de","potentialAction":[{"@type":"ReadAction","target":["https:\/\/tiraholm.se\/de\/ganz-nah-dran\/"]}]},{"@type":"ImageObject","inLanguage":"de","@id":"https:\/\/tiraholm.se\/de\/ganz-nah-dran\/#primaryimage","url":"https:\/\/tiraholm.se\/wp-content\/uploads\/2023\/03\/nara-pa-riktigt-1024x512.png","contentUrl":"https:\/\/tiraholm.se\/wp-content\/uploads\/2023\/03\/nara-pa-riktigt-1024x512.png"},{"@type":"BreadcrumbList","@id":"https:\/\/tiraholm.se\/de\/ganz-nah-dran\/#breadcrumb","itemListElement":[{"@type":"ListItem","position":1,"name":"Home","item":"https:\/\/tiraholm.se\/de\/tiraholm-fisch\/"},{"@type":"ListItem","position":2,"name":"Ganz nah dran"}]},{"@type":"WebSite","@id":"https:\/\/tiraholm.se\/de\/#website","url":"https:\/\/tiraholm.se\/de\/","name":"Tiraholms fisk","description":"G\u00e5rdsbutik - Hotell - Restaurang - Konferens","publisher":{"@id":"https:\/\/tiraholm.se\/de\/#organization"},"potentialAction":[{"@type":"SearchAction","target":{"@type":"EntryPoint","urlTemplate":"https:\/\/tiraholm.se\/de\/?s={search_term_string}"},"query-input":{"@type":"PropertyValueSpecification","valueRequired":true,"valueName":"search_term_string"}}],"inLanguage":"de"},{"@type":"Organization","@id":"https:\/\/tiraholm.se\/de\/#organization","name":"Tiraholms fisk","url":"https:\/\/tiraholm.se\/de\/","logo":{"@type":"ImageObject","inLanguage":"de","@id":"https:\/\/tiraholm.se\/de\/#\/schema\/logo\/image\/","url":"https:\/\/tiraholm.se\/wp-content\/uploads\/2022\/11\/logo01.png","contentUrl":"https:\/\/tiraholm.se\/wp-content\/uploads\/2022\/11\/logo01.png","width":903,"height":626,"caption":"Tiraholms fisk"},"image":{"@id":"https:\/\/tiraholm.se\/de\/#\/schema\/logo\/image\/"},"sameAs":["https:\/\/www.facebook.com\/tiraholm\/?locale=sv_SE"]}]}},"_links":{"self":[{"href":"https:\/\/tiraholm.se\/de\/wp-json\/wp\/v2\/pages\/4723","targetHints":{"allow":["GET"]}}],"collection":[{"href":"https:\/\/tiraholm.se\/de\/wp-json\/wp\/v2\/pages"}],"about":[{"href":"https:\/\/tiraholm.se\/de\/wp-json\/wp\/v2\/types\/page"}],"author":[{"embeddable":true,"href":"https:\/\/tiraholm.se\/de\/wp-json\/wp\/v2\/users\/3"}],"replies":[{"embeddable":true,"href":"https:\/\/tiraholm.se\/de\/wp-json\/wp\/v2\/comments?post=4723"}],"version-history":[{"count":0,"href":"https:\/\/tiraholm.se\/de\/wp-json\/wp\/v2\/pages\/4723\/revisions"}],"wp:attachment":[{"href":"https:\/\/tiraholm.se\/de\/wp-json\/wp\/v2\/media?parent=4723"}],"curies":[{"name":"wp","href":"https:\/\/api.w.org\/{rel}","templated":true}]}}